{"id":2263,"date":"2018-05-11T20:26:57","date_gmt":"2018-05-11T20:26:57","guid":{"rendered":"https:\/\/livestructures.com\/live-structures\/"},"modified":"2023-01-06T18:14:55","modified_gmt":"2023-01-06T18:14:55","slug":"live-structures","status":"publish","type":"page","link":"https:\/\/livestructures.com\/fr\/","title":{"rendered":"Live Structures"},"content":{"rendered":"<p>[et_pb_section fb_built=\u00a0\u00bb1&Prime; module_id=\u00a0\u00bbmainherobg\u00a0\u00bb module_class=\u00a0\u00bbmainherobg\u00a0\u00bb _builder_version=\u00a0\u00bb3.22&Prime; background_color=\u00a0\u00bb#2c3447&Prime; bottom_divider_style=\u00a0\u00bbslant2&Prime; bottom_divider_color=\u00a0\u00bb#ffffff\u00a0\u00bb bottom_divider_height=\u00a0\u00bb103px\u00a0\u00bb bottom_divider_flip=\u00a0\u00bbvertical\u00a0\u00bb custom_css_main_element=\u00a0\u00bbheight: 600px !Important\u00a0\u00bb][et_pb_row module_id=\u00a0\u00bbsitelogo\u00a0\u00bb module_class=\u00a0\u00bbsitelogo\u00a0\u00bb _builder_version=\u00a0\u00bb3.25&Prime;][et_pb_column type=\u00a0\u00bb4_4&Prime; _builder_version=\u00a0\u00bb3.0.47&Prime; custom_padding=\u00a0\u00bb|||\u00a0\u00bb custom_padding__hover=\u00a0\u00bb|||\u00a0\u00bb][et_pb_image src=\u00a0\u00bbhttps:\/\/livestructures.com\/wp-content\/uploads\/2018\/07\/LS_FinalLogo.png\u00a0\u00bb url=\u00a0\u00bbhttps:\/\/livestructures.com\/fr\/\u00a0\u00bb align=\u00a0\u00bbcenter\u00a0\u00bb align_tablet=\u00a0\u00bbcenter\u00a0\u00bb align_phone=\u00a0\u00bb\u00a0\u00bb align_last_edited=\u00a0\u00bbon|desktop\u00a0\u00bb module_id=\u00a0\u00bbmainlogo\u00a0\u00bb module_class=\u00a0\u00bbmainlogo\u00a0\u00bb _builder_version=\u00a0\u00bb3.23&Prime;][\/et_pb_image][\/et_pb_column][\/et_pb_row][et_pb_row disabled_on=\u00a0\u00bb|on|on\u00a0\u00bb module_id=\u00a0\u00bbmobilehero\u00a0\u00bb module_class=\u00a0\u00bbmobilehero\u00a0\u00bb _builder_version=\u00a0\u00bb3.25&Prime; background_image=\u00a0\u00bbhttps:\/\/livestructures.com\/wp-content\/uploads\/2018\/08\/LIVE_hero.png\u00a0\u00bb][et_pb_column type=\u00a0\u00bb4_4&Prime; _builder_version=\u00a0\u00bb3.0.47&Prime; custom_padding=\u00a0\u00bb|||\u00a0\u00bb custom_padding__hover=\u00a0\u00bb|||\u00a0\u00bb][\/et_pb_column][\/et_pb_row][et_pb_row module_id=\u00a0\u00bbheroimage\u00a0\u00bb module_class=\u00a0\u00bbheroimage\u00a0\u00bb _builder_version=\u00a0\u00bb3.25&Prime; background_size=\u00a0\u00bbinitial\u00a0\u00bb background_position=\u00a0\u00bbtop_left\u00a0\u00bb background_repeat=\u00a0\u00bbrepeat\u00a0\u00bb][et_pb_column type=\u00a0\u00bb4_4&Prime; _builder_version=\u00a0\u00bb3.0.47&Prime; custom_padding=\u00a0\u00bb|||\u00a0\u00bb custom_padding__hover=\u00a0\u00bb|||\u00a0\u00bb][et_pb_image src=\u00a0\u00bbhttp:\/\/livestructures.com\/wp-content\/uploads\/2022\/11\/live-structures.jpg\u00a0\u00bb title_text=\u00a0\u00bblive-structures\u00a0\u00bb url=\u00a0\u00bbhttps:\/\/levivier.ca\/fr\/concert\/saison-2022-23\/trioculaire\u00a0\u00bb url_new_window=\u00a0\u00bbon\u00a0\u00bb align_tablet=\u00a0\u00bbcenter\u00a0\u00bb align_phone=\u00a0\u00bb\u00a0\u00bb align_last_edited=\u00a0\u00bbon|desktop\u00a0\u00bb disabled_on=\u00a0\u00bbon|off|off\u00a0\u00bb module_id=\u00a0\u00bbherographic\u00a0\u00bb module_class=\u00a0\u00bbherographic\u00a0\u00bb _builder_version=\u00a0\u00bb4.4.5&Prime; z_index_tablet=\u00a0\u00bb500&Prime; box_shadow_horizontal_tablet=\u00a0\u00bb0px\u00a0\u00bb box_shadow_vertical_tablet=\u00a0\u00bb0px\u00a0\u00bb box_shadow_blur_tablet=\u00a0\u00bb40px\u00a0\u00bb box_shadow_spread_tablet=\u00a0\u00bb0px\u00a0\u00bb][\/et_pb_image][et_pb_text module_id=\u00a0\u00bbphotocredit\u00a0\u00bb module_class=\u00a0\u00bbphotocredit\u00a0\u00bb _builder_version=\u00a0\u00bb3.27.4&Prime; text_orientation=\u00a0\u00bbright\u00a0\u00bb custom_css_main_element=\u00a0\u00bbdisplay: none !important;\u00a0\u00bb]<a href=\"https:\/\/livestructures.com\/fr\/a-propos-de-live-structures\/#othercollaborators\" target=\"_blank\" rel=\"noopener noreferrer\">ornitographies Par Xavi Bou<\/a><br \/>\n[\/et_pb_text][\/et_pb_column][\/et_pb_row][\/et_pb_section][et_pb_section fb_built=\u00a0\u00bb1&Prime; _builder_version=\u00a0\u00bb3.22&Prime; background_image=\u00a0\u00bbhttps:\/\/livestructures.com\/wp-content\/uploads\/2018\/09\/LS_bg-2.jpg\u00a0\u00bb][et_pb_row module_id=\u00a0\u00bbvaluestatementrow\u00a0\u00bb module_class=\u00a0\u00bbvaluestatementrow\u00a0\u00bb _builder_version=\u00a0\u00bb3.25&Prime;][et_pb_column type=\u00a0\u00bb4_4&Prime; _builder_version=\u00a0\u00bb3.0.47&Prime; custom_padding=\u00a0\u00bb|||\u00a0\u00bb custom_padding__hover=\u00a0\u00bb|||\u00a0\u00bb][et_pb_text module_id=\u00a0\u00bbvaluestatement\u00a0\u00bb module_class=\u00a0\u00bbvaluestatement\u00a0\u00bb _builder_version=\u00a0\u00bb3.27.4&Prime;]<\/p>\n<p>Live <span style=\"font-weight: 400;\">Structures<\/span> (Structures Vivantes) est un projet de recherche et de composition qui explore diff\u00e9rentes fa\u00e7ons d&rsquo;interpr\u00e9ter les donn\u00e9es en notation musicale et en compositions.<\/p>\n<p>Nous disposons de nombreux outils pour analyser les ph\u00e9nom\u00e8nes naturels, les sons complexes ou encore les comportements humains. Les donn\u00e9es sont facilement accessibles, mais ma question est : comment puis-je interpr\u00e9ter les donn\u00e9es dans des structures musicales dans une expression authentique et \u00e9vocatrice de la source de donn\u00e9es originale ?<\/p>\n<p>Le projet Live Structures a d\u00e9but\u00e9 en octobre 2017, gr\u00e2ce \u00e0 une g\u00e9n\u00e9reuse subvention \u00ab Explorer et cr\u00e9er \u00bb du <a href=\"https:\/\/livestructures.com\/fr\/financement\/#canadacouncilforarts\">Conseil des arts du Canada<\/a>.<\/p>\n<p>[\/et_pb_text][\/et_pb_column][\/et_pb_row][et_pb_row column_structure=\u00a0\u00bb1_2,1_2&Prime; module_id=\u00a0\u00bbhomeprojectrows\u00a0\u00bb module_class=\u00a0\u00bbhomeprojectrows\u00a0\u00bb _builder_version=\u00a0\u00bb3.25&Prime;][et_pb_column type=\u00a0\u00bb1_2&Prime; module_id=\u00a0\u00bbscores\u00a0\u00bb module_class=\u00a0\u00bbscores\u00a0\u00bb _builder_version=\u00a0\u00bb3.0.47&Prime; custom_padding=\u00a0\u00bb|||\u00a0\u00bb custom_padding__hover=\u00a0\u00bb|||\u00a0\u00bb][et_pb_blurb title=\u00a0\u00bbOcular Scores\u00a0\u00bb url=\u00a0\u00bbhttps:\/\/livestructures.com\/ocular-scores\/\u00a0\u00bb admin_label=\u00a0\u00bbOcular Scores\u00a0\u00bb module_id=\u00a0\u00bbhomeblurb\u00a0\u00bb module_class=\u00a0\u00bbhomeblurb\u00a0\u00bb _builder_version=\u00a0\u00bb4.4.5&Prime; text_orientation=\u00a0\u00bbcenter\u00a0\u00bb]<\/p>\n<hr class=\"blurbhr\" \/>\n<h5>Notation graphique<\/h5>\n<hr class=\"blurbminihr\" \/>\n<p>La notation graphique est g\u00e9n\u00e9r\u00e9e \u00e0 partir de l\u2019analyse de sons<br \/>\net de textures sonores.[\/et_pb_blurb][et_pb_text module_id=\u00a0\u00bbservicelink\u00a0\u00bb module_class=\u00a0\u00bbservicelink\u00a0\u00bb _builder_version=\u00a0\u00bb3.27.4&Prime; text_orientation=\u00a0\u00bbcenter\u00a0\u00bb]<a href=\"https:\/\/livestructures.com\/fr\/ocular-scores\/\">En savoir plus sur les projets \u00bb<\/a><br \/>\n[\/et_pb_text][\/et_pb_column][et_pb_column type=\u00a0\u00bb1_2&Prime; module_id=\u00a0\u00bbflock\u00a0\u00bb module_class=\u00a0\u00bbflock\u00a0\u00bb _builder_version=\u00a0\u00bb3.0.47&Prime; custom_padding=\u00a0\u00bb|||\u00a0\u00bb custom_padding__hover=\u00a0\u00bb|||\u00a0\u00bb][et_pb_blurb title=\u00a0\u00bbFlock to Music\u00a0\u00bb url=\u00a0\u00bbhttps:\/\/livestructures.com\/flock-to-music\/\u00a0\u00bb admin_label=\u00a0\u00bbFlock to Music\u00a0\u00bb module_id=\u00a0\u00bbhomeblurb\u00a0\u00bb module_class=\u00a0\u00bbhomeblurb\u00a0\u00bb _builder_version=\u00a0\u00bb3.2.2&Prime; text_orientation=\u00a0\u00bbcenter\u00a0\u00bb]<\/p>\n<hr class=\"blurbhr\">\n<h5>L&rsquo;interpr\u00e9tation des donn\u00e9es<\/h5>\n<hr class=\"blurbminihr\">\n<p>Flock to Music traduit les donn\u00e9es de ph\u00e9nom\u00e8nes naturels et sociaux complexes en param\u00e8tres musicaux.<br \/>\n[\/et_pb_blurb][et_pb_text module_id=\u00a0\u00bbservicelink\u00a0\u00bb module_class=\u00a0\u00bbservicelink\u00a0\u00bb _builder_version=\u00a0\u00bb3.27.4&Prime; text_orientation=\u00a0\u00bbcenter\u00a0\u00bb]<a href=\"https:\/\/livestructures.com\/fr\/flock-to-music\/\">En savoir plus sur les projets \u00bb<\/a><br \/>\n[\/et_pb_text][\/et_pb_column][\/et_pb_row][\/et_pb_section][et_pb_section fb_built=\u00a0\u00bb1&Prime; module_id=\u00a0\u00bbhomequote\u00a0\u00bb module_class=\u00a0\u00bbhomequote\u00a0\u00bb _builder_version=\u00a0\u00bb3.22&Prime; background_color=\u00a0\u00bb#2c3447&Prime; top_divider_style=\u00a0\u00bbslant2&Prime; top_divider_color=\u00a0\u00bb#ffffff\u00a0\u00bb top_divider_height=\u00a0\u00bb82px\u00a0\u00bb top_divider_flip=\u00a0\u00bbhorizontal\u00a0\u00bb border_color_all=\u00a0\u00bb#edf000&Prime;][et_pb_row _builder_version=\u00a0\u00bb3.25&Prime; background_size=\u00a0\u00bbinitial\u00a0\u00bb background_position=\u00a0\u00bbtop_left\u00a0\u00bb background_repeat=\u00a0\u00bbrepeat\u00a0\u00bb][et_pb_column type=\u00a0\u00bb4_4&Prime; _builder_version=\u00a0\u00bb3.0.47&Prime; custom_padding=\u00a0\u00bb|||\u00a0\u00bb custom_padding__hover=\u00a0\u00bb|||\u00a0\u00bb][et_pb_text module_id=\u00a0\u00bbhomequotetext\u00a0\u00bb module_class=\u00a0\u00bbhomequotetext\u00a0\u00bb _builder_version=\u00a0\u00bb3.27.4&Prime; text_orientation=\u00a0\u00bbcenter\u00a0\u00bb]<\/p>\n<h4>Bruit : l&rsquo;\u00e9conomie politique de la musique<\/h4>\n<p>\u201c La pr\u00e9sence du bruit fait sens, donne du sens. Elle rend possible la cr\u00e9ation d&rsquo;un nouvel ordre \u00e0 un autre niveau d&rsquo;organisation, d&rsquo;un nouveau code dans un autre r\u00e9seau. \u201d<\/p>\n<div class=\"author\">\n<p>&#8211; Jacques Attali<\/p>\n<h5>Publi\u00e9 par University of Minnesota Press<\/h5>\n<\/div>\n<p>[\/et_pb_text][\/et_pb_column][\/et_pb_row][\/et_pb_section]<\/p>\n","protected":false},"excerpt":{"rendered":"<p>ornitographies Par Xavi Bou Live Structures (Structures Vivantes) est un projet de recherche et de composition qui explore diff\u00e9rentes fa\u00e7ons d&rsquo;interpr\u00e9ter les donn\u00e9es en notation musicale et en compositions. Nous disposons de nombreux outils pour analyser les ph\u00e9nom\u00e8nes naturels, les sons complexes ou encore les comportements humains. Les donn\u00e9es sont facilement accessibles, mais ma question [&hellip;]<\/p>\n","protected":false},"author":1,"featured_media":2179,"parent":0,"menu_order":0,"comment_status":"closed","ping_status":"closed","template":"","meta":{"_et_pb_use_builder":"on","_et_pb_old_content":"","_et_gb_content_width":"","om_disable_all_campaigns":false,"_exactmetrics_skip_tracking":false,"_exactmetrics_sitenote_active":false,"_exactmetrics_sitenote_note":"","_exactmetrics_sitenote_category":0,"footnotes":""},"class_list":["post-2263","page","type-page","status-publish","has-post-thumbnail","hentry"],"yoast_head":"<!-- This site is optimized with the Yoast SEO plugin v26.8 - https:\/\/yoast.com\/product\/yoast-seo-wordpress\/ -->\n<title>Live Structures - Live Structures<\/title>\n<meta name=\"robots\" content=\"index, follow, max-snippet:-1, max-image-preview:large, max-video-preview:-1\" \/>\n<link rel=\"canonical\" href=\"https:\/\/livestructures.com\/fr\/\" \/>\n<meta property=\"og:locale\" content=\"fr_FR\" \/>\n<meta property=\"og:type\" content=\"article\" \/>\n<meta property=\"og:title\" content=\"Live Structures - Live Structures\" \/>\n<meta property=\"og:description\" content=\"ornitographies Par Xavi Bou Live Structures (Structures Vivantes) est un projet de recherche et de composition qui explore diff\u00e9rentes fa\u00e7ons d&#039;interpr\u00e9ter les donn\u00e9es en notation musicale et en compositions. Nous disposons de nombreux outils pour analyser les ph\u00e9nom\u00e8nes naturels, les sons complexes ou encore les comportements humains. Les donn\u00e9es sont facilement accessibles, mais ma question [&hellip;]\" \/>\n<meta property=\"og:url\" content=\"https:\/\/livestructures.com\/fr\/\" \/>\n<meta property=\"og:site_name\" content=\"Live Structures\" \/>\n<meta property=\"article:publisher\" content=\"https:\/\/www.facebook.com\/lindabouchardcomposer\/\" \/>\n<meta property=\"article:modified_time\" content=\"2023-01-06T18:14:55+00:00\" \/>\n<meta property=\"og:image\" content=\"http:\/\/livestructures.com\/wp-content\/uploads\/2018\/09\/LS_FI.jpg\" \/>\n\t<meta property=\"og:image:width\" content=\"640\" \/>\n\t<meta property=\"og:image:height\" content=\"640\" \/>\n\t<meta property=\"og:image:type\" content=\"image\/jpeg\" \/>\n<meta name=\"twitter:card\" content=\"summary_large_image\" \/>\n<meta name=\"twitter:site\" content=\"@libouco\" \/>\n<meta name=\"twitter:label1\" content=\"Dur\u00e9e de lecture estim\u00e9e\" \/>\n\t<meta name=\"twitter:data1\" content=\"2 minutes\" \/>\n<script type=\"application\/ld+json\" class=\"yoast-schema-graph\">{\"@context\":\"https:\/\/schema.org\",\"@graph\":[{\"@type\":\"WebPage\",\"@id\":\"https:\/\/livestructures.com\/fr\/\",\"url\":\"https:\/\/livestructures.com\/fr\/\",\"name\":\"Live Structures - Live Structures\",\"isPartOf\":{\"@id\":\"https:\/\/livestructures.com\/fr\/#website\"},\"primaryImageOfPage\":{\"@id\":\"https:\/\/livestructures.com\/fr\/#primaryimage\"},\"image\":{\"@id\":\"https:\/\/livestructures.com\/fr\/#primaryimage\"},\"thumbnailUrl\":\"https:\/\/livestructures.com\/wp-content\/uploads\/2018\/09\/LS_FI.jpg\",\"datePublished\":\"2018-05-11T20:26:57+00:00\",\"dateModified\":\"2023-01-06T18:14:55+00:00\",\"breadcrumb\":{\"@id\":\"https:\/\/livestructures.com\/fr\/#breadcrumb\"},\"inLanguage\":\"fr-FR\",\"potentialAction\":[{\"@type\":\"ReadAction\",\"target\":[\"https:\/\/livestructures.com\/fr\/\"]}]},{\"@type\":\"ImageObject\",\"inLanguage\":\"fr-FR\",\"@id\":\"https:\/\/livestructures.com\/fr\/#primaryimage\",\"url\":\"https:\/\/livestructures.com\/wp-content\/uploads\/2018\/09\/LS_FI.jpg\",\"contentUrl\":\"https:\/\/livestructures.com\/wp-content\/uploads\/2018\/09\/LS_FI.jpg\",\"width\":640,\"height\":640},{\"@type\":\"BreadcrumbList\",\"@id\":\"https:\/\/livestructures.com\/fr\/#breadcrumb\",\"itemListElement\":[{\"@type\":\"ListItem\",\"position\":1,\"name\":\"Home\",\"item\":\"https:\/\/livestructures.com\/fr\/\"},{\"@type\":\"ListItem\",\"position\":2,\"name\":\"Live Structures\"}]},{\"@type\":\"WebSite\",\"@id\":\"https:\/\/livestructures.com\/fr\/#website\",\"url\":\"https:\/\/livestructures.com\/fr\/\",\"name\":\"Live Structures\",\"description\":\"\",\"potentialAction\":[{\"@type\":\"SearchAction\",\"target\":{\"@type\":\"EntryPoint\",\"urlTemplate\":\"https:\/\/livestructures.com\/fr\/?s={search_term_string}\"},\"query-input\":{\"@type\":\"PropertyValueSpecification\",\"valueRequired\":true,\"valueName\":\"search_term_string\"}}],\"inLanguage\":\"fr-FR\"}]}<\/script>\n<!-- \/ Yoast SEO plugin. -->","yoast_head_json":{"title":"Live Structures - Live Structures","robots":{"index":"index","follow":"follow","max-snippet":"max-snippet:-1","max-image-preview":"max-image-preview:large","max-video-preview":"max-video-preview:-1"},"canonical":"https:\/\/livestructures.com\/fr\/","og_locale":"fr_FR","og_type":"article","og_title":"Live Structures - Live Structures","og_description":"ornitographies Par Xavi Bou Live Structures (Structures Vivantes) est un projet de recherche et de composition qui explore diff\u00e9rentes fa\u00e7ons d'interpr\u00e9ter les donn\u00e9es en notation musicale et en compositions. Nous disposons de nombreux outils pour analyser les ph\u00e9nom\u00e8nes naturels, les sons complexes ou encore les comportements humains. Les donn\u00e9es sont facilement accessibles, mais ma question [&hellip;]","og_url":"https:\/\/livestructures.com\/fr\/","og_site_name":"Live Structures","article_publisher":"https:\/\/www.facebook.com\/lindabouchardcomposer\/","article_modified_time":"2023-01-06T18:14:55+00:00","og_image":[{"width":640,"height":640,"url":"http:\/\/livestructures.com\/wp-content\/uploads\/2018\/09\/LS_FI.jpg","type":"image\/jpeg"}],"twitter_card":"summary_large_image","twitter_site":"@libouco","twitter_misc":{"Dur\u00e9e de lecture estim\u00e9e":"2 minutes"},"schema":{"@context":"https:\/\/schema.org","@graph":[{"@type":"WebPage","@id":"https:\/\/livestructures.com\/fr\/","url":"https:\/\/livestructures.com\/fr\/","name":"Live Structures - Live Structures","isPartOf":{"@id":"https:\/\/livestructures.com\/fr\/#website"},"primaryImageOfPage":{"@id":"https:\/\/livestructures.com\/fr\/#primaryimage"},"image":{"@id":"https:\/\/livestructures.com\/fr\/#primaryimage"},"thumbnailUrl":"https:\/\/livestructures.com\/wp-content\/uploads\/2018\/09\/LS_FI.jpg","datePublished":"2018-05-11T20:26:57+00:00","dateModified":"2023-01-06T18:14:55+00:00","breadcrumb":{"@id":"https:\/\/livestructures.com\/fr\/#breadcrumb"},"inLanguage":"fr-FR","potentialAction":[{"@type":"ReadAction","target":["https:\/\/livestructures.com\/fr\/"]}]},{"@type":"ImageObject","inLanguage":"fr-FR","@id":"https:\/\/livestructures.com\/fr\/#primaryimage","url":"https:\/\/livestructures.com\/wp-content\/uploads\/2018\/09\/LS_FI.jpg","contentUrl":"https:\/\/livestructures.com\/wp-content\/uploads\/2018\/09\/LS_FI.jpg","width":640,"height":640},{"@type":"BreadcrumbList","@id":"https:\/\/livestructures.com\/fr\/#breadcrumb","itemListElement":[{"@type":"ListItem","position":1,"name":"Home","item":"https:\/\/livestructures.com\/fr\/"},{"@type":"ListItem","position":2,"name":"Live Structures"}]},{"@type":"WebSite","@id":"https:\/\/livestructures.com\/fr\/#website","url":"https:\/\/livestructures.com\/fr\/","name":"Live Structures","description":"","potentialAction":[{"@type":"SearchAction","target":{"@type":"EntryPoint","urlTemplate":"https:\/\/livestructures.com\/fr\/?s={search_term_string}"},"query-input":{"@type":"PropertyValueSpecification","valueRequired":true,"valueName":"search_term_string"}}],"inLanguage":"fr-FR"}]}},"_links":{"self":[{"href":"https:\/\/livestructures.com\/fr\/wp-json\/wp\/v2\/pages\/2263","targetHints":{"allow":["GET"]}}],"collection":[{"href":"https:\/\/livestructures.com\/fr\/wp-json\/wp\/v2\/pages"}],"about":[{"href":"https:\/\/livestructures.com\/fr\/wp-json\/wp\/v2\/types\/page"}],"author":[{"embeddable":true,"href":"https:\/\/livestructures.com\/fr\/wp-json\/wp\/v2\/users\/1"}],"replies":[{"embeddable":true,"href":"https:\/\/livestructures.com\/fr\/wp-json\/wp\/v2\/comments?post=2263"}],"version-history":[{"count":0,"href":"https:\/\/livestructures.com\/fr\/wp-json\/wp\/v2\/pages\/2263\/revisions"}],"wp:featuredmedia":[{"embeddable":true,"href":"https:\/\/livestructures.com\/fr\/wp-json\/wp\/v2\/media\/2179"}],"wp:attachment":[{"href":"https:\/\/livestructures.com\/fr\/wp-json\/wp\/v2\/media?parent=2263"}],"curies":[{"name":"wp","href":"https:\/\/api.w.org\/{rel}","templated":true}]}}