{"id":2319,"date":"2018-07-20T01:40:11","date_gmt":"2018-07-20T01:40:11","guid":{"rendered":"https:\/\/livestructures.com\/contact\/"},"modified":"2023-03-09T22:26:17","modified_gmt":"2023-03-09T22:26:17","slug":"contact","status":"publish","type":"page","link":"https:\/\/livestructures.com\/fr\/contact\/","title":{"rendered":"Contact"},"content":{"rendered":"<p>[et_pb_section fb_built=\u00a0\u00bb1&Prime; module_id=\u00a0\u00bbmainherobg\u00a0\u00bb module_class=\u00a0\u00bbmainherobg\u00a0\u00bb _builder_version=\u00a0\u00bb3.22&Prime; background_color=\u00a0\u00bb#2c3447&Prime; bottom_divider_color=\u00a0\u00bb#ffffff\u00a0\u00bb bottom_divider_height=\u00a0\u00bb103px\u00a0\u00bb bottom_divider_flip=\u00a0\u00bbvertical\u00a0\u00bb custom_css_main_element=\u00a0\u00bb padding-bottom: 20px !important;\u00a0\u00bb][et_pb_row module_id=\u00a0\u00bbsitelogo\u00a0\u00bb module_class=\u00a0\u00bbsitelogo\u00a0\u00bb _builder_version=\u00a0\u00bb3.25&Prime; background_size=\u00a0\u00bbinitial\u00a0\u00bb background_position=\u00a0\u00bbtop_left\u00a0\u00bb background_repeat=\u00a0\u00bbrepeat\u00a0\u00bb][et_pb_column type=\u00a0\u00bb4_4&Prime; _builder_version=\u00a0\u00bb3.0.47&Prime; custom_padding=\u00a0\u00bb|||\u00a0\u00bb custom_padding__hover=\u00a0\u00bb|||\u00a0\u00bb][et_pb_image src=\u00a0\u00bbhttps:\/\/livestructures.com\/wp-content\/uploads\/2018\/07\/LS_FinalLogo.png\u00a0\u00bb url=\u00a0\u00bbhttps:\/\/livestructures.com\/fr\/\u00a0\u00bb align=\u00a0\u00bbcenter\u00a0\u00bb align_tablet=\u00a0\u00bbcenter\u00a0\u00bb align_phone=\u00a0\u00bb\u00a0\u00bb align_last_edited=\u00a0\u00bbon|desktop\u00a0\u00bb module_id=\u00a0\u00bbmainlogo\u00a0\u00bb module_class=\u00a0\u00bbmainlogo\u00a0\u00bb _builder_version=\u00a0\u00bb3.23&Prime;][\/et_pb_image][\/et_pb_column][\/et_pb_row][\/et_pb_section][et_pb_section fb_built=\u00a0\u00bb1&Prime; fullwidth=\u00a0\u00bbon\u00a0\u00bb module_id=\u00a0\u00bbinternalhero\u00a0\u00bb module_class=\u00a0\u00bbinternalhero\u00a0\u00bb _builder_version=\u00a0\u00bb3.22&Prime;][et_pb_fullwidth_header title=\u00a0\u00bbContact\u00a0\u00bb text_orientation=\u00a0\u00bbcenter\u00a0\u00bb button_one_url=\u00a0\u00bbhttp:\/\/lindabouchard.com\/\u00a0\u00bb _builder_version=\u00a0\u00bb3.16&Prime; background_color=\u00a0\u00bb#ffffff\u00a0\u00bb background_image=\u00a0\u00bbhttps:\/\/livestructures.com\/wp-content\/uploads\/2018\/07\/LS_AboutBG.jpg\u00a0\u00bb button_one_text_size__hover_enabled=\u00a0\u00bboff\u00a0\u00bb button_two_text_size__hover_enabled=\u00a0\u00bboff\u00a0\u00bb button_one_text_color__hover_enabled=\u00a0\u00bboff\u00a0\u00bb button_two_text_color__hover_enabled=\u00a0\u00bboff\u00a0\u00bb button_one_border_width__hover_enabled=\u00a0\u00bboff\u00a0\u00bb button_two_border_width__hover_enabled=\u00a0\u00bboff\u00a0\u00bb button_one_border_color__hover_enabled=\u00a0\u00bboff\u00a0\u00bb button_two_border_color__hover_enabled=\u00a0\u00bboff\u00a0\u00bb button_one_border_radius__hover_enabled=\u00a0\u00bboff\u00a0\u00bb button_two_border_radius__hover_enabled=\u00a0\u00bboff\u00a0\u00bb button_one_letter_spacing__hover_enabled=\u00a0\u00bboff\u00a0\u00bb button_two_letter_spacing__hover_enabled=\u00a0\u00bboff\u00a0\u00bb button_one_bg_color__hover_enabled=\u00a0\u00bboff\u00a0\u00bb button_two_bg_color__hover_enabled=\u00a0\u00bboff\u00a0\u00bb][\/et_pb_fullwidth_header][\/et_pb_section][et_pb_section fb_built=\u00a0\u00bb1&Prime; module_id=\u00a0\u00bbprojectintro\u00a0\u00bb module_class=\u00a0\u00bbprojectintro\u00a0\u00bb _builder_version=\u00a0\u00bb3.22&Prime; background_image=\u00a0\u00bbhttps:\/\/livestructures.com\/wp-content\/uploads\/2018\/07\/LS_BG_Contact-1.png\u00a0\u00bb][et_pb_row module_id=\u00a0\u00bbprojectintrorow\u00a0\u00bb module_class=\u00a0\u00bbprojectintrorow\u00a0\u00bb _builder_version=\u00a0\u00bb3.25&Prime;][et_pb_column type=\u00a0\u00bb4_4&Prime; module_id=\u00a0\u00bbcontactinfo\u00a0\u00bb module_class=\u00a0\u00bbcontactinfo\u00a0\u00bb _builder_version=\u00a0\u00bb3.25&Prime; custom_padding=\u00a0\u00bb|||\u00a0\u00bb custom_padding__hover=\u00a0\u00bb|||\u00a0\u00bb][et_pb_text _builder_version=\u00a0\u00bb3.27.4&Prime; text_orientation=\u00a0\u00bbcenter\u00a0\u00bb]<\/p>\n<p class=\"p1\"><span class=\"s1\">Pour les performances et les conf\u00e9rences \u00ab\u00a0Live Structures\u00a0\u00bb,<a href=\"https:\/\/livestructures.com\/wp-content\/uploads\/2020\/01\/LiveStructures_BOUCHARD_Jan2020.pdf\"> veuillez t\u00e9l\u00e9charger ce PDF.<\/a><\/span><\/p>\n<p>Pour des informations sur des \u0153uvres sp\u00e9cifiques, veuillez consulter le site <a href=\"http:\/\/www.lindabouchard.com\/\" target=\"_blank\" rel=\"noopener noreferrer\">www.lindabouchard.com<\/a>.<\/p>\n<p>Pour r\u00e9server des spectacles, des conf\u00e9rences, des missions de direction ou des le\u00e7ons de composition, veuillez \u00e9crire directement \u00e0 <a href=\"&#x6d;&#97;i&#x6c;&#x74;&#111;:&#x6c;&#x69;&#110;d&#x61;&#x40;&#108;i&#x6e;&#x64;&#97;b&#x6f;&#117;&#99;h&#x61;&#114;d&#x2e;&#x63;&#111;m\" target=\"_blank\" rel=\"noopener noreferrer\">Linda Bouchard<\/a>.<\/p>\n<p>[\/et_pb_text][\/et_pb_column][\/et_pb_row][et_pb_row column_structure=\u00a0\u00bb1_2,1_2&Prime; module_id=\u00a0\u00bbprojectintrorow\u00a0\u00bb module_class=\u00a0\u00bbprojectintrorow\u00a0\u00bb _builder_version=\u00a0\u00bb3.25&Prime;][et_pb_column type=\u00a0\u00bb1_2&Prime; _builder_version=\u00a0\u00bb3.25&Prime; custom_padding=\u00a0\u00bb|||\u00a0\u00bb custom_padding__hover=\u00a0\u00bb|||\u00a0\u00bb][et_pb_text _builder_version=\u00a0\u00bb3.27.4&Prime;]<iframe loading=\"lazy\" style=\"border: 0;\" src=\"https:\/\/www.google.com\/maps\/embed?pb=!1m18!1m12!1m3!1d2796.3656251533284!2d-73.56717588444123!3d45.50271797910144!2m3!1f0!2f0!3f0!3m2!1i1024!2i768!4f13.1!3m3!1m2!1s0x4cc91a5b292325c1%3A0x15315c41ab0e4811!2s1085+C%C3%B4te+du+Beaver+Hall+%23200%2C+Montr%C3%A9al%2C+QC+H2Z+1S5%2C+Canada!5e0!3m2!1sen!2sus!4v1533326947131\" width=\"510\" height=\"300\" frameborder=\"0\" allowfullscreen=\"allowfullscreen\"><\/iframe><br \/>\n[\/et_pb_text][\/et_pb_column][et_pb_column type=\u00a0\u00bb1_2&Prime; _builder_version=\u00a0\u00bb3.25&Prime; custom_padding=\u00a0\u00bb|||\u00a0\u00bb custom_padding__hover=\u00a0\u00bb|||\u00a0\u00bb][et_pb_text _builder_version=\u00a0\u00bb3.27.4&Prime; text_orientation=\u00a0\u00bbcenter\u00a0\u00bb hover_enabled=\u00a0\u00bb0&Prime;]<\/p>\n<p>Pour acheter ou louer des partitions, veuillez contacter :<\/p>\n<p><strong>Centre de musique canadienne<\/strong><br \/>2150 Rue Crescent, <br \/>Montr\u00e9al, QC H3G 2B8<br \/> <a href=\"&#109;&#97;&#x69;l&#116;&#x6f;&#x3a;a&#116;&#x65;&#x6c;i&#101;&#x72;&#x40;c&#101;&#x6e;&#x74;r&#101;&#x6d;&#x75;s&#105;&#x71;u&#101;&#46;&#x63;a\" target=\"_blank\" rel=\"noopener noreferrer\">Courriel du Centre de musique canadienne<\/a><br \/> Tel: 514 866 3477<br \/> Fax: 514 866 0456<\/p>\n<p>[\/et_pb_text][\/et_pb_column][\/et_pb_row][\/et_pb_section][et_pb_section fb_built=\u00a0\u00bb1&Prime; module_id=\u00a0\u00bbhomequote\u00a0\u00bb module_class=\u00a0\u00bbhomequote\u00a0\u00bb _builder_version=\u00a0\u00bb3.22&Prime; background_color=\u00a0\u00bb#2c3447&Prime; top_divider_style=\u00a0\u00bbslant2&Prime; top_divider_color=\u00a0\u00bb#ffffff\u00a0\u00bb top_divider_height=\u00a0\u00bb82px\u00a0\u00bb top_divider_flip=\u00a0\u00bbhorizontal\u00a0\u00bb border_color_all=\u00a0\u00bb#edf000&Prime;][et_pb_row _builder_version=\u00a0\u00bb3.25&Prime; background_size=\u00a0\u00bbinitial\u00a0\u00bb background_position=\u00a0\u00bbtop_left\u00a0\u00bb background_repeat=\u00a0\u00bbrepeat\u00a0\u00bb][et_pb_column type=\u00a0\u00bb4_4&Prime; _builder_version=\u00a0\u00bb3.0.47&Prime; custom_padding=\u00a0\u00bb|||\u00a0\u00bb custom_padding__hover=\u00a0\u00bb|||\u00a0\u00bb][et_pb_text module_id=\u00a0\u00bbwpc-optin\u00a0\u00bb module_class=\u00a0\u00bbwpc-optin\u00a0\u00bb _builder_version=\u00a0\u00bb3.27.4&Prime; text_orientation=\u00a0\u00bbcenter\u00a0\u00bb]<\/p>\n<h2>Inscrivez-vous pour les mises \u00e0 jour du projet<\/h2>\n<h2><a href=\"https:\/\/www.facebook.com\/lindabouchardcomposer\/\" target=\"_blank\" rel=\"noopener noreferrer\"><img loading=\"lazy\" decoding=\"async\" class=\"alignnone size-full wp-image-379\" src=\"https:\/\/livestructures.com\/wp-content\/uploads\/2018\/07\/LS_Social_fb.png\" alt=\"\" width=\"50\" height=\"50\"><\/a> <a href=\"https:\/\/ca.linkedin.com\/in\/linda-bouchard-b6b6b726\" target=\"_blank\" rel=\"noopener noreferrer\"><img loading=\"lazy\" decoding=\"async\" class=\"alignnone size-full wp-image-380\" src=\"https:\/\/livestructures.com\/wp-content\/uploads\/2018\/07\/LS_Social_li.png\" alt=\"\" width=\"50\" height=\"50\"><\/a> <a href=\"https:\/\/twitter.com\/libouco\" target=\"_blank\" rel=\"noopener noreferrer\"><img loading=\"lazy\" decoding=\"async\" class=\"alignnone size-full wp-image-381\" src=\"https:\/\/livestructures.com\/wp-content\/uploads\/2018\/07\/LS_Social_tw.png\" alt=\"\" width=\"50\" height=\"50\"><\/a><\/h2>\n\n\t<section id=\"yikes-mailchimp-container-1\" class=\"yikes-mailchimp-container yikes-mailchimp-container-1 \">\n\t\t\t\t<form id=\"email-newsletter-1\" class=\"yikes-easy-mc-form yikes-easy-mc-form-1  \" method=\"POST\" data-attr-form-id=\"1\">\n\n\t\t\t\t\t\t\t\t\t\t\t\t\t<label for=\"yikes-easy-mc-form-1-FNAME\"  class=\"FNAME-label yikes-mailchimp-field-required \">\n\n\t\t\t\t\t\t\t\t\t\t<!-- dictate label visibility -->\n\t\t\t\t\t\t\t\t\t\t\n\t\t\t\t\t\t\t\t\t\t<!-- Description Above -->\n\t\t\t\t\t\t\t\t\t\t\n\t\t\t\t\t\t\t\t\t\t<input id=\"yikes-easy-mc-form-1-FNAME\"  name=\"FNAME\"  placeholder=\"FIRST NAME\"  class=\"yikes-easy-mc-text field-no-label\"  required=\"required\" type=\"text\"  value=\"\">\n\n\t\t\t\t\t\t\t\t\t\t<!-- Description Below -->\n\t\t\t\t\t\t\t\t\t\t\n\t\t\t\t\t\t\t\t\t<\/label>\n\t\t\t\t\t\t\t\t\t\t\t\t\t\t\t\t\t\t<label for=\"yikes-easy-mc-form-1-LNAME\"  class=\"LNAME-label \">\n\n\t\t\t\t\t\t\t\t\t\t<!-- dictate label visibility -->\n\t\t\t\t\t\t\t\t\t\t\n\t\t\t\t\t\t\t\t\t\t<!-- Description Above -->\n\t\t\t\t\t\t\t\t\t\t\n\t\t\t\t\t\t\t\t\t\t<input id=\"yikes-easy-mc-form-1-LNAME\"  name=\"LNAME\"  placeholder=\"LAST NAME\"  class=\"yikes-easy-mc-text field-no-label\"   type=\"text\"  value=\"\">\n\n\t\t\t\t\t\t\t\t\t\t<!-- Description Below -->\n\t\t\t\t\t\t\t\t\t\t\n\t\t\t\t\t\t\t\t\t<\/label>\n\t\t\t\t\t\t\t\t\t\t\t\t\t\t\t\t\t\t<label for=\"yikes-easy-mc-form-1-EMAIL\"  class=\"EMAIL-label yikes-mailchimp-field-required \">\n\n\t\t\t\t\t\t\t\t\t\t<!-- dictate label visibility -->\n\t\t\t\t\t\t\t\t\t\t\n\t\t\t\t\t\t\t\t\t\t<!-- Description Above -->\n\t\t\t\t\t\t\t\t\t\t\n\t\t\t\t\t\t\t\t\t\t<input id=\"yikes-easy-mc-form-1-EMAIL\"  name=\"EMAIL\"  placeholder=\"EMAIL (required)\"  class=\"yikes-easy-mc-email field-no-label\"  required=\"required\" type=\"email\"  value=\"\">\n\n\t\t\t\t\t\t\t\t\t\t<!-- Description Below -->\n\t\t\t\t\t\t\t\t\t\t\n\t\t\t\t\t\t\t\t\t<\/label>\n\t\t\t\t\t\t\t\t\t\n\t\t\t\t<!-- Honeypot Trap -->\n\t\t\t\t<input type=\"hidden\" name=\"yikes-mailchimp-honeypot\" id=\"yikes-mailchimp-honeypot-1\" value=\"\">\n\n\t\t\t\t<!-- List ID -->\n\t\t\t\t<input type=\"hidden\" name=\"yikes-mailchimp-associated-list-id\" id=\"yikes-mailchimp-associated-list-id-1\" value=\"0f1a235577\">\n\n\t\t\t\t<!-- The form that is being submitted! Used to display error\/success messages above the correct form -->\n\t\t\t\t<input type=\"hidden\" name=\"yikes-mailchimp-submitted-form\" id=\"yikes-mailchimp-submitted-form-1\" value=\"1\">\n\n\t\t\t\t<!-- Submit Button -->\n\t\t\t\t<button type=\"submit\" class=\"yikes-easy-mc-submit-button yikes-easy-mc-submit-button-1 btn btn-primary \"> <span class=\"yikes-mailchimp-submit-button-span-text\">Sign me up<\/span><\/button>\t\t\t\t<!-- Nonce Security Check -->\n\t\t\t\t<input type=\"hidden\" id=\"yikes_easy_mc_new_subscriber_1\" name=\"yikes_easy_mc_new_subscriber\" value=\"cfdb05e9f6\">\n\t\t\t\t<input type=\"hidden\" name=\"_wp_http_referer\" value=\"\/fr\/wp-json\/wp\/v2\/pages\/2319\" \/>\n\t\t\t<\/form>\n\t\t\t<!-- Mailchimp Form generated by Easy Forms for Mailchimp v6.9.0 (https:\/\/wordpress.org\/plugins\/yikes-inc-easy-mailchimp-extender\/) -->\n\n\t\t\t<\/section>\n\t\n<\/p>\n<p>[\/et_pb_text][\/et_pb_column][\/et_pb_row][\/et_pb_section]<\/p>\n","protected":false},"excerpt":{"rendered":"<p>Pour les performances et les conf\u00e9rences \u00ab\u00a0Live Structures\u00a0\u00bb, veuillez t\u00e9l\u00e9charger ce PDF. Pour des informations sur des \u0153uvres sp\u00e9cifiques, veuillez consulter le site www.lindabouchard.com. Pour r\u00e9server des spectacles, des conf\u00e9rences, des missions de direction ou des le\u00e7ons de composition, veuillez \u00e9crire directement \u00e0 Linda Bouchard. Pour acheter ou louer des partitions, veuillez contacter : Centre [&hellip;]<\/p>\n","protected":false},"author":1,"featured_media":0,"parent":0,"menu_order":0,"comment_status":"closed","ping_status":"closed","template":"","meta":{"_et_pb_use_builder":"on","_et_pb_old_content":"","_et_gb_content_width":"","om_disable_all_campaigns":false,"_exactmetrics_skip_tracking":false,"_exactmetrics_sitenote_active":false,"_exactmetrics_sitenote_note":"","_exactmetrics_sitenote_category":0,"footnotes":""},"class_list":["post-2319","page","type-page","status-publish","hentry"],"yoast_head":"<!-- This site is optimized with the Yoast SEO plugin v26.8 - https:\/\/yoast.com\/product\/yoast-seo-wordpress\/ -->\n<title>Contact - Live Structures<\/title>\n<meta name=\"robots\" content=\"index, follow, max-snippet:-1, max-image-preview:large, max-video-preview:-1\" \/>\n<link rel=\"canonical\" href=\"https:\/\/livestructures.com\/fr\/contact\/\" \/>\n<meta property=\"og:locale\" content=\"fr_FR\" \/>\n<meta property=\"og:type\" content=\"article\" \/>\n<meta property=\"og:title\" content=\"Contact - Live Structures\" \/>\n<meta property=\"og:description\" content=\"Pour les performances et les conf\u00e9rences &quot;Live Structures&quot;, veuillez t\u00e9l\u00e9charger ce PDF. Pour des informations sur des \u0153uvres sp\u00e9cifiques, veuillez consulter le site www.lindabouchard.com. Pour r\u00e9server des spectacles, des conf\u00e9rences, des missions de direction ou des le\u00e7ons de composition, veuillez \u00e9crire directement \u00e0 Linda Bouchard. Pour acheter ou louer des partitions, veuillez contacter : Centre [&hellip;]\" \/>\n<meta property=\"og:url\" content=\"https:\/\/livestructures.com\/fr\/contact\/\" \/>\n<meta property=\"og:site_name\" content=\"Live Structures\" \/>\n<meta property=\"article:publisher\" content=\"https:\/\/www.facebook.com\/lindabouchardcomposer\/\" \/>\n<meta property=\"article:modified_time\" content=\"2023-03-09T22:26:17+00:00\" \/>\n<meta property=\"og:image\" content=\"https:\/\/livestructures.com\/wp-content\/uploads\/2018\/07\/LS_Social_fb.png\" \/>\n<meta name=\"twitter:card\" content=\"summary_large_image\" \/>\n<meta name=\"twitter:site\" content=\"@libouco\" \/>\n<meta name=\"twitter:label1\" content=\"Dur\u00e9e de lecture estim\u00e9e\" \/>\n\t<meta name=\"twitter:data1\" content=\"3 minutes\" \/>\n<script type=\"application\/ld+json\" class=\"yoast-schema-graph\">{\"@context\":\"https:\/\/schema.org\",\"@graph\":[{\"@type\":\"WebPage\",\"@id\":\"https:\/\/livestructures.com\/fr\/contact\/\",\"url\":\"https:\/\/livestructures.com\/fr\/contact\/\",\"name\":\"Contact - Live Structures\",\"isPartOf\":{\"@id\":\"https:\/\/livestructures.com\/fr\/#website\"},\"primaryImageOfPage\":{\"@id\":\"https:\/\/livestructures.com\/fr\/contact\/#primaryimage\"},\"image\":{\"@id\":\"https:\/\/livestructures.com\/fr\/contact\/#primaryimage\"},\"thumbnailUrl\":\"https:\/\/livestructures.com\/wp-content\/uploads\/2018\/07\/LS_Social_fb.png\",\"datePublished\":\"2018-07-20T01:40:11+00:00\",\"dateModified\":\"2023-03-09T22:26:17+00:00\",\"breadcrumb\":{\"@id\":\"https:\/\/livestructures.com\/fr\/contact\/#breadcrumb\"},\"inLanguage\":\"fr-FR\",\"potentialAction\":[{\"@type\":\"ReadAction\",\"target\":[\"https:\/\/livestructures.com\/fr\/contact\/\"]}]},{\"@type\":\"ImageObject\",\"inLanguage\":\"fr-FR\",\"@id\":\"https:\/\/livestructures.com\/fr\/contact\/#primaryimage\",\"url\":\"https:\/\/livestructures.com\/wp-content\/uploads\/2018\/07\/LS_Social_fb.png\",\"contentUrl\":\"https:\/\/livestructures.com\/wp-content\/uploads\/2018\/07\/LS_Social_fb.png\"},{\"@type\":\"BreadcrumbList\",\"@id\":\"https:\/\/livestructures.com\/fr\/contact\/#breadcrumb\",\"itemListElement\":[{\"@type\":\"ListItem\",\"position\":1,\"name\":\"Home\",\"item\":\"https:\/\/livestructures.com\/fr\/\"},{\"@type\":\"ListItem\",\"position\":2,\"name\":\"Contact\"}]},{\"@type\":\"WebSite\",\"@id\":\"https:\/\/livestructures.com\/fr\/#website\",\"url\":\"https:\/\/livestructures.com\/fr\/\",\"name\":\"Live Structures\",\"description\":\"\",\"potentialAction\":[{\"@type\":\"SearchAction\",\"target\":{\"@type\":\"EntryPoint\",\"urlTemplate\":\"https:\/\/livestructures.com\/fr\/?s={search_term_string}\"},\"query-input\":{\"@type\":\"PropertyValueSpecification\",\"valueRequired\":true,\"valueName\":\"search_term_string\"}}],\"inLanguage\":\"fr-FR\"}]}<\/script>\n<!-- \/ Yoast SEO plugin. -->","yoast_head_json":{"title":"Contact - Live Structures","robots":{"index":"index","follow":"follow","max-snippet":"max-snippet:-1","max-image-preview":"max-image-preview:large","max-video-preview":"max-video-preview:-1"},"canonical":"https:\/\/livestructures.com\/fr\/contact\/","og_locale":"fr_FR","og_type":"article","og_title":"Contact - Live Structures","og_description":"Pour les performances et les conf\u00e9rences \"Live Structures\", veuillez t\u00e9l\u00e9charger ce PDF. Pour des informations sur des \u0153uvres sp\u00e9cifiques, veuillez consulter le site www.lindabouchard.com. Pour r\u00e9server des spectacles, des conf\u00e9rences, des missions de direction ou des le\u00e7ons de composition, veuillez \u00e9crire directement \u00e0 Linda Bouchard. Pour acheter ou louer des partitions, veuillez contacter : Centre [&hellip;]","og_url":"https:\/\/livestructures.com\/fr\/contact\/","og_site_name":"Live Structures","article_publisher":"https:\/\/www.facebook.com\/lindabouchardcomposer\/","article_modified_time":"2023-03-09T22:26:17+00:00","og_image":[{"url":"https:\/\/livestructures.com\/wp-content\/uploads\/2018\/07\/LS_Social_fb.png","type":"","width":"","height":""}],"twitter_card":"summary_large_image","twitter_site":"@libouco","twitter_misc":{"Dur\u00e9e de lecture estim\u00e9e":"3 minutes"},"schema":{"@context":"https:\/\/schema.org","@graph":[{"@type":"WebPage","@id":"https:\/\/livestructures.com\/fr\/contact\/","url":"https:\/\/livestructures.com\/fr\/contact\/","name":"Contact - Live Structures","isPartOf":{"@id":"https:\/\/livestructures.com\/fr\/#website"},"primaryImageOfPage":{"@id":"https:\/\/livestructures.com\/fr\/contact\/#primaryimage"},"image":{"@id":"https:\/\/livestructures.com\/fr\/contact\/#primaryimage"},"thumbnailUrl":"https:\/\/livestructures.com\/wp-content\/uploads\/2018\/07\/LS_Social_fb.png","datePublished":"2018-07-20T01:40:11+00:00","dateModified":"2023-03-09T22:26:17+00:00","breadcrumb":{"@id":"https:\/\/livestructures.com\/fr\/contact\/#breadcrumb"},"inLanguage":"fr-FR","potentialAction":[{"@type":"ReadAction","target":["https:\/\/livestructures.com\/fr\/contact\/"]}]},{"@type":"ImageObject","inLanguage":"fr-FR","@id":"https:\/\/livestructures.com\/fr\/contact\/#primaryimage","url":"https:\/\/livestructures.com\/wp-content\/uploads\/2018\/07\/LS_Social_fb.png","contentUrl":"https:\/\/livestructures.com\/wp-content\/uploads\/2018\/07\/LS_Social_fb.png"},{"@type":"BreadcrumbList","@id":"https:\/\/livestructures.com\/fr\/contact\/#breadcrumb","itemListElement":[{"@type":"ListItem","position":1,"name":"Home","item":"https:\/\/livestructures.com\/fr\/"},{"@type":"ListItem","position":2,"name":"Contact"}]},{"@type":"WebSite","@id":"https:\/\/livestructures.com\/fr\/#website","url":"https:\/\/livestructures.com\/fr\/","name":"Live Structures","description":"","potentialAction":[{"@type":"SearchAction","target":{"@type":"EntryPoint","urlTemplate":"https:\/\/livestructures.com\/fr\/?s={search_term_string}"},"query-input":{"@type":"PropertyValueSpecification","valueRequired":true,"valueName":"search_term_string"}}],"inLanguage":"fr-FR"}]}},"_links":{"self":[{"href":"https:\/\/livestructures.com\/fr\/wp-json\/wp\/v2\/pages\/2319","targetHints":{"allow":["GET"]}}],"collection":[{"href":"https:\/\/livestructures.com\/fr\/wp-json\/wp\/v2\/pages"}],"about":[{"href":"https:\/\/livestructures.com\/fr\/wp-json\/wp\/v2\/types\/page"}],"author":[{"embeddable":true,"href":"https:\/\/livestructures.com\/fr\/wp-json\/wp\/v2\/users\/1"}],"replies":[{"embeddable":true,"href":"https:\/\/livestructures.com\/fr\/wp-json\/wp\/v2\/comments?post=2319"}],"version-history":[{"count":0,"href":"https:\/\/livestructures.com\/fr\/wp-json\/wp\/v2\/pages\/2319\/revisions"}],"wp:attachment":[{"href":"https:\/\/livestructures.com\/fr\/wp-json\/wp\/v2\/media?parent=2319"}],"curies":[{"name":"wp","href":"https:\/\/api.w.org\/{rel}","templated":true}]}}