{"id":2331,"date":"2018-08-10T19:04:33","date_gmt":"2018-08-10T19:04:33","guid":{"rendered":"https:\/\/livestructures.com\/performances-flocking-for-orchestra\/"},"modified":"2022-11-20T16:12:38","modified_gmt":"2022-11-20T16:12:38","slug":"performances-flocking-for-orchestra","status":"publish","type":"page","link":"https:\/\/livestructures.com\/fr\/performances-flocking-for-orchestra\/","title":{"rendered":"Performances : Flocking for Orchestra"},"content":{"rendered":"<p>[et_pb_section bb_built=\u00a0\u00bb1&Prime; module_id=\u00a0\u00bbmainherobg\u00a0\u00bb module_class=\u00a0\u00bbmainherobg\u00a0\u00bb _builder_version=\u00a0\u00bb3.2.2&Prime; background_color=\u00a0\u00bb#2c3447&Prime; bottom_divider_color=\u00a0\u00bb#ffffff\u00a0\u00bb bottom_divider_height=\u00a0\u00bb103px\u00a0\u00bb bottom_divider_flip=\u00a0\u00bbvertical\u00a0\u00bb next_background_color=\u00a0\u00bb#ffffff\u00a0\u00bb custom_css_main_element=\u00a0\u00bb padding-bottom: 20px !important;\u00a0\u00bb global_module=\u00a0\u00bb319&Prime;][et_pb_row global_parent=\u00a0\u00bb319&Prime; module_id=\u00a0\u00bbsitelogo\u00a0\u00bb module_class=\u00a0\u00bbsitelogo\u00a0\u00bb _builder_version=\u00a0\u00bb3.2.2&Prime; background_position=\u00a0\u00bbtop_left\u00a0\u00bb background_repeat=\u00a0\u00bbrepeat\u00a0\u00bb background_size=\u00a0\u00bbinitial\u00a0\u00bb][et_pb_column type=\u00a0\u00bb4_4&Prime;][et_pb_image global_parent=\u00a0\u00bb319&Prime; src=\u00a0\u00bbhttps:\/\/livestructures.com\/wp-content\/uploads\/2018\/07\/LS_FinalLogo.png\u00a0\u00bb align=\u00a0\u00bbcenter\u00a0\u00bb module_id=\u00a0\u00bbmainlogo\u00a0\u00bb module_class=\u00a0\u00bbmainlogo\u00a0\u00bb _builder_version=\u00a0\u00bb3.12&Prime; url=\u00a0\u00bbhttps:\/\/livestructures.com\/fr\/\u00a0\u00bb \/][\/et_pb_column][\/et_pb_row][\/et_pb_section][et_pb_section bb_built=\u00a0\u00bb1&Prime; fullwidth=\u00a0\u00bbon\u00a0\u00bb specialty=\u00a0\u00bboff\u00a0\u00bb prev_background_color=\u00a0\u00bb#2c3447&Prime; _builder_version=\u00a0\u00bb3.2.2&Prime; module_id=\u00a0\u00bbinternalhero\u00a0\u00bb module_class=\u00a0\u00bbinternalhero\u00a0\u00bb next_background_color=\u00a0\u00bb#000000&Prime;][et_pb_fullwidth_header _builder_version=\u00a0\u00bb3.12&Prime; title=\u00a0\u00bbPERFORMANCES&lt;br&gt;Flocking for Orchestra\u00a0\u00bb background_color=\u00a0\u00bb#ffffff\u00a0\u00bb background_image=\u00a0\u00bbhttps:\/\/livestructures.com\/wp-content\/uploads\/2018\/07\/LS_Hero_Flock.jpg\u00a0\u00bb text_orientation=\u00a0\u00bbcenter\u00a0\u00bb \/][\/et_pb_section][et_pb_section bb_built=\u00a0\u00bb1&Prime; specialty=\u00a0\u00bboff\u00a0\u00bb prev_background_color=\u00a0\u00bb#000000&Prime; _builder_version=\u00a0\u00bb3.2.2&Prime; module_id=\u00a0\u00bbprojectintro\u00a0\u00bb module_class=\u00a0\u00bbprojectintro\u00a0\u00bb next_background_color=\u00a0\u00bb#eaeaea\u00a0\u00bb][et_pb_row _builder_version=\u00a0\u00bb3.2.2&Prime; module_id=\u00a0\u00bbprojectintrorow\u00a0\u00bb module_class=\u00a0\u00bbprojectintrorow\u00a0\u00bb][et_pb_column type=\u00a0\u00bb1_2&Prime;][et_pb_video _builder_version=\u00a0\u00bb3.2.2&Prime; src=\u00a0\u00bbhttps:\/\/www.youtube.com\/watch?v=vzQD8Ukrh_w\u00a0\u00bb image_src=\u00a0\u00bbhttps:\/\/livestructures.com\/wp-content\/uploads\/2018\/07\/LS_PerformanceVideo.png\u00a0\u00bb \/][et_pb_text _builder_version=\u00a0\u00bb3.2.2&Prime;]<\/p>\n<p>Premi\u00e8re mondiale<\/p>\n<p>Flocking for Orchestra<br \/>\nVictoria Symphony sous la direction de Bill Linwood<br \/>\n6 avril 2018<br \/>\nAlix Goolden performance Hall, Victoria, BC Canada<br \/>\nPrix Hugh Davidson<\/p>\n<p>[\/et_pb_text][et_pb_button _builder_version=\u00a0\u00bb3.2.2&Prime; button_text=\u00a0\u00bbNotes du programme\u00a0\u00bb button_url=\u00a0\u00bbhttps:\/\/livestructures.com\/2018\/07\/25\/flocking-for-orchestra-composition\/#programnotes\u00a0\u00bb module_id=\u00a0\u00bbgeneralbutton\u00a0\u00bb module_class=\u00a0\u00bbgeneralbutton\u00a0\u00bb \/][\/et_pb_column][et_pb_column type=\u00a0\u00bb1_2&Prime;][et_pb_image _builder_version=\u00a0\u00bb3.12&Prime; src=\u00a0\u00bbhttps:\/\/livestructures.com\/wp-content\/uploads\/2018\/07\/vp25_5vA.png\u00a0\u00bb custom_css_main_element=\u00a0\u00bbmargin-bottom: 40px !important;\u00a0\u00bb \/][et_pb_text _builder_version=\u00a0\u00bb3.12&Prime;]<\/p>\n<p>Performance<br \/>\nFlocking for Orchestra<br \/>\nOrchestre de la Francophonie, sous la direction de Simon Rivard.<br \/>\n18 juin 2018<\/p>\n<p>Soci\u00e9t\u00e9 des Arts et de la Technologie, Montr\u00e9al, Qu\u00e9bec, Canada<\/p>\n<p>[\/et_pb_text][et_pb_button _builder_version=\u00a0\u00bb3.12&Prime; button_text=\u00a0\u00bbNotes du programme\u00a0\u00bb button_url=\u00a0\u00bbhttps:\/\/livestructures.com\/2018\/07\/25\/flocking-for-orchestra-composition\/#programnotes\u00a0\u00bb module_id=\u00a0\u00bbgeneralbutton\u00a0\u00bb module_class=\u00a0\u00bbgeneralbutton\u00a0\u00bb \/][\/et_pb_column][\/et_pb_row][\/et_pb_section][et_pb_section bb_built=\u00a0\u00bb1&Prime; module_id=\u00a0\u00bbreleatedupdates\u00a0\u00bb module_class=\u00a0\u00bbreleatedupdates\u00a0\u00bb _builder_version=\u00a0\u00bb3.2.2&Prime; custom_css_main_element=\u00a0\u00bbborder-bottom: 0px !important;\u00a0\u00bb background_color=\u00a0\u00bb#eaeaea\u00a0\u00bb top_divider_style=\u00a0\u00bbwave2&Prime; bottom_divider_style=\u00a0\u00bbwave2&Prime; prev_background_color=\u00a0\u00bb#ffffff\u00a0\u00bb][et_pb_row _builder_version=\u00a0\u00bb3.2.2&Prime;][et_pb_column type=\u00a0\u00bb4_4&Prime;][et_pb_text module_id=\u00a0\u00bbheadingtitle\u00a0\u00bb module_class=\u00a0\u00bbheadingtitle\u00a0\u00bb _builder_version=\u00a0\u00bb3.2.2&Prime;]<\/p>\n<h3>Mises \u00e0 jour connexes<\/h3>\n\n<p>[\/et_pb_text][\/et_pb_column][\/et_pb_row][\/et_pb_section]<\/p>\n","protected":false},"excerpt":{"rendered":"<p>Premi\u00e8re mondiale Flocking for Orchestra Victoria Symphony sous la direction de Bill Linwood 6 avril 2018 Alix Goolden performance Hall, Victoria, BC Canada Prix Hugh Davidson Performance Flocking for Orchestra Orchestre de la Francophonie, sous la direction de Simon Rivard. 18 juin 2018 Soci\u00e9t\u00e9 des Arts et de la Technologie, Montr\u00e9al, Qu\u00e9bec, Canada Mises \u00e0 [&hellip;]<\/p>\n","protected":false},"author":1,"featured_media":0,"parent":0,"menu_order":0,"comment_status":"closed","ping_status":"closed","template":"","meta":{"_et_pb_use_builder":"on","_et_pb_old_content":"","_et_gb_content_width":"","om_disable_all_campaigns":false,"_exactmetrics_skip_tracking":false,"_exactmetrics_sitenote_active":false,"_exactmetrics_sitenote_note":"","_exactmetrics_sitenote_category":0,"footnotes":""},"class_list":["post-2331","page","type-page","status-publish","hentry"],"yoast_head":"<!-- This site is optimized with the Yoast SEO plugin v26.8 - https:\/\/yoast.com\/product\/yoast-seo-wordpress\/ -->\n<title>Performances : Flocking for Orchestra - Live Structures<\/title>\n<meta name=\"robots\" content=\"index, follow, max-snippet:-1, max-image-preview:large, max-video-preview:-1\" \/>\n<link rel=\"canonical\" href=\"https:\/\/livestructures.com\/fr\/performances-flocking-for-orchestra\/\" \/>\n<meta property=\"og:locale\" content=\"fr_FR\" \/>\n<meta property=\"og:type\" content=\"article\" \/>\n<meta property=\"og:title\" content=\"Performances : Flocking for Orchestra - Live Structures\" \/>\n<meta property=\"og:description\" content=\"Premi\u00e8re mondiale Flocking for Orchestra Victoria Symphony sous la direction de Bill Linwood 6 avril 2018 Alix Goolden performance Hall, Victoria, BC Canada Prix Hugh Davidson Performance Flocking for Orchestra Orchestre de la Francophonie, sous la direction de Simon Rivard. 18 juin 2018 Soci\u00e9t\u00e9 des Arts et de la Technologie, Montr\u00e9al, Qu\u00e9bec, Canada Mises \u00e0 [&hellip;]\" \/>\n<meta property=\"og:url\" content=\"https:\/\/livestructures.com\/fr\/performances-flocking-for-orchestra\/\" \/>\n<meta property=\"og:site_name\" content=\"Live Structures\" \/>\n<meta property=\"article:publisher\" content=\"https:\/\/www.facebook.com\/lindabouchardcomposer\/\" \/>\n<meta property=\"article:modified_time\" content=\"2022-11-20T16:12:38+00:00\" \/>\n<meta property=\"og:image\" content=\"https:\/\/livestructures.com\/wp-content\/uploads\/2018\/07\/LS_MainFI.png\" \/>\n\t<meta property=\"og:image:width\" content=\"1040\" \/>\n\t<meta property=\"og:image:height\" content=\"1040\" \/>\n\t<meta property=\"og:image:type\" content=\"image\/png\" \/>\n<meta name=\"twitter:card\" content=\"summary_large_image\" \/>\n<meta name=\"twitter:site\" content=\"@libouco\" \/>\n<meta name=\"twitter:label1\" content=\"Dur\u00e9e de lecture estim\u00e9e\" \/>\n\t<meta name=\"twitter:data1\" content=\"2 minutes\" \/>\n<script type=\"application\/ld+json\" class=\"yoast-schema-graph\">{\"@context\":\"https:\/\/schema.org\",\"@graph\":[{\"@type\":\"WebPage\",\"@id\":\"https:\/\/livestructures.com\/fr\/performances-flocking-for-orchestra\/\",\"url\":\"https:\/\/livestructures.com\/fr\/performances-flocking-for-orchestra\/\",\"name\":\"Performances : Flocking for Orchestra - Live Structures\",\"isPartOf\":{\"@id\":\"https:\/\/livestructures.com\/fr\/#website\"},\"datePublished\":\"2018-08-10T19:04:33+00:00\",\"dateModified\":\"2022-11-20T16:12:38+00:00\",\"breadcrumb\":{\"@id\":\"https:\/\/livestructures.com\/fr\/performances-flocking-for-orchestra\/#breadcrumb\"},\"inLanguage\":\"fr-FR\",\"potentialAction\":[{\"@type\":\"ReadAction\",\"target\":[\"https:\/\/livestructures.com\/fr\/performances-flocking-for-orchestra\/\"]}]},{\"@type\":\"BreadcrumbList\",\"@id\":\"https:\/\/livestructures.com\/fr\/performances-flocking-for-orchestra\/#breadcrumb\",\"itemListElement\":[{\"@type\":\"ListItem\",\"position\":1,\"name\":\"Home\",\"item\":\"https:\/\/livestructures.com\/fr\/\"},{\"@type\":\"ListItem\",\"position\":2,\"name\":\"Performances : Flocking for Orchestra\"}]},{\"@type\":\"WebSite\",\"@id\":\"https:\/\/livestructures.com\/fr\/#website\",\"url\":\"https:\/\/livestructures.com\/fr\/\",\"name\":\"Live Structures\",\"description\":\"\",\"potentialAction\":[{\"@type\":\"SearchAction\",\"target\":{\"@type\":\"EntryPoint\",\"urlTemplate\":\"https:\/\/livestructures.com\/fr\/?s={search_term_string}\"},\"query-input\":{\"@type\":\"PropertyValueSpecification\",\"valueRequired\":true,\"valueName\":\"search_term_string\"}}],\"inLanguage\":\"fr-FR\"}]}<\/script>\n<!-- \/ Yoast SEO plugin. -->","yoast_head_json":{"title":"Performances : Flocking for Orchestra - Live Structures","robots":{"index":"index","follow":"follow","max-snippet":"max-snippet:-1","max-image-preview":"max-image-preview:large","max-video-preview":"max-video-preview:-1"},"canonical":"https:\/\/livestructures.com\/fr\/performances-flocking-for-orchestra\/","og_locale":"fr_FR","og_type":"article","og_title":"Performances : Flocking for Orchestra - Live Structures","og_description":"Premi\u00e8re mondiale Flocking for Orchestra Victoria Symphony sous la direction de Bill Linwood 6 avril 2018 Alix Goolden performance Hall, Victoria, BC Canada Prix Hugh Davidson Performance Flocking for Orchestra Orchestre de la Francophonie, sous la direction de Simon Rivard. 18 juin 2018 Soci\u00e9t\u00e9 des Arts et de la Technologie, Montr\u00e9al, Qu\u00e9bec, Canada Mises \u00e0 [&hellip;]","og_url":"https:\/\/livestructures.com\/fr\/performances-flocking-for-orchestra\/","og_site_name":"Live Structures","article_publisher":"https:\/\/www.facebook.com\/lindabouchardcomposer\/","article_modified_time":"2022-11-20T16:12:38+00:00","og_image":[{"width":1040,"height":1040,"url":"https:\/\/livestructures.com\/wp-content\/uploads\/2018\/07\/LS_MainFI.png","type":"image\/png"}],"twitter_card":"summary_large_image","twitter_site":"@libouco","twitter_misc":{"Dur\u00e9e de lecture estim\u00e9e":"2 minutes"},"schema":{"@context":"https:\/\/schema.org","@graph":[{"@type":"WebPage","@id":"https:\/\/livestructures.com\/fr\/performances-flocking-for-orchestra\/","url":"https:\/\/livestructures.com\/fr\/performances-flocking-for-orchestra\/","name":"Performances : Flocking for Orchestra - Live Structures","isPartOf":{"@id":"https:\/\/livestructures.com\/fr\/#website"},"datePublished":"2018-08-10T19:04:33+00:00","dateModified":"2022-11-20T16:12:38+00:00","breadcrumb":{"@id":"https:\/\/livestructures.com\/fr\/performances-flocking-for-orchestra\/#breadcrumb"},"inLanguage":"fr-FR","potentialAction":[{"@type":"ReadAction","target":["https:\/\/livestructures.com\/fr\/performances-flocking-for-orchestra\/"]}]},{"@type":"BreadcrumbList","@id":"https:\/\/livestructures.com\/fr\/performances-flocking-for-orchestra\/#breadcrumb","itemListElement":[{"@type":"ListItem","position":1,"name":"Home","item":"https:\/\/livestructures.com\/fr\/"},{"@type":"ListItem","position":2,"name":"Performances : Flocking for Orchestra"}]},{"@type":"WebSite","@id":"https:\/\/livestructures.com\/fr\/#website","url":"https:\/\/livestructures.com\/fr\/","name":"Live Structures","description":"","potentialAction":[{"@type":"SearchAction","target":{"@type":"EntryPoint","urlTemplate":"https:\/\/livestructures.com\/fr\/?s={search_term_string}"},"query-input":{"@type":"PropertyValueSpecification","valueRequired":true,"valueName":"search_term_string"}}],"inLanguage":"fr-FR"}]}},"_links":{"self":[{"href":"https:\/\/livestructures.com\/fr\/wp-json\/wp\/v2\/pages\/2331","targetHints":{"allow":["GET"]}}],"collection":[{"href":"https:\/\/livestructures.com\/fr\/wp-json\/wp\/v2\/pages"}],"about":[{"href":"https:\/\/livestructures.com\/fr\/wp-json\/wp\/v2\/types\/page"}],"author":[{"embeddable":true,"href":"https:\/\/livestructures.com\/fr\/wp-json\/wp\/v2\/users\/1"}],"replies":[{"embeddable":true,"href":"https:\/\/livestructures.com\/fr\/wp-json\/wp\/v2\/comments?post=2331"}],"version-history":[{"count":0,"href":"https:\/\/livestructures.com\/fr\/wp-json\/wp\/v2\/pages\/2331\/revisions"}],"wp:attachment":[{"href":"https:\/\/livestructures.com\/fr\/wp-json\/wp\/v2\/media?parent=2331"}],"curies":[{"name":"wp","href":"https:\/\/api.w.org\/{rel}","templated":true}]}}