{"id":2464,"date":"2018-07-26T00:11:42","date_gmt":"2018-07-26T00:11:42","guid":{"rendered":"https:\/\/livestructures.com\/outils\/flock-to-music\/"},"modified":"2023-01-10T19:05:58","modified_gmt":"2023-01-10T19:05:58","slug":"flock-to-music","status":"publish","type":"page","link":"https:\/\/livestructures.com\/fr\/outils\/flock-to-music\/","title":{"rendered":"Flock to Music"},"content":{"rendered":"<p>[et_pb_section fb_built=\u00a0\u00bb1&Prime; module_id=\u00a0\u00bbmainherobg\u00a0\u00bb module_class=\u00a0\u00bbmainherobg\u00a0\u00bb _builder_version=\u00a0\u00bb3.2.2&Prime; background_color=\u00a0\u00bb#2c3447&Prime; bottom_divider_color=\u00a0\u00bb#ffffff\u00a0\u00bb bottom_divider_height=\u00a0\u00bb103px\u00a0\u00bb bottom_divider_flip=\u00a0\u00bbvertical\u00a0\u00bb custom_css_main_element=\u00a0\u00bb padding-bottom: 20px !important;\u00a0\u00bb global_module=\u00a0\u00bb319&Prime; locked=\u00a0\u00bbon\u00a0\u00bb collapsed=\u00a0\u00bbon\u00a0\u00bb][et_pb_row module_id=\u00a0\u00bbsitelogo\u00a0\u00bb module_class=\u00a0\u00bbsitelogo\u00a0\u00bb _builder_version=\u00a0\u00bb3.25&Prime; background_size=\u00a0\u00bbinitial\u00a0\u00bb background_position=\u00a0\u00bbtop_left\u00a0\u00bb background_repeat=\u00a0\u00bbrepeat\u00a0\u00bb][et_pb_column type=\u00a0\u00bb4_4&Prime; _builder_version=\u00a0\u00bb3.0.47&Prime; custom_padding=\u00a0\u00bb|||\u00a0\u00bb custom_padding__hover=\u00a0\u00bb|||\u00a0\u00bb][et_pb_image src=\u00a0\u00bbhttps:\/\/livestructures.com\/wp-content\/uploads\/2018\/07\/LS_FinalLogo.png\u00a0\u00bb url=\u00a0\u00bbhttps:\/\/livestructures.com\/fr\/\u00a0\u00bb align=\u00a0\u00bbcenter\u00a0\u00bb align_tablet=\u00a0\u00bbcenter\u00a0\u00bb align_phone=\u00a0\u00bb\u00a0\u00bb align_last_edited=\u00a0\u00bbon|desktop\u00a0\u00bb admin_label=\u00a0\u00bbImage\u00a0\u00bb module_id=\u00a0\u00bbmainlogo\u00a0\u00bb module_class=\u00a0\u00bbmainlogo\u00a0\u00bb _builder_version=\u00a0\u00bb4.3&Prime;][\/et_pb_image][\/et_pb_column][\/et_pb_row][\/et_pb_section][et_pb_section fb_built=\u00a0\u00bb1&Prime; fullwidth=\u00a0\u00bbon\u00a0\u00bb module_id=\u00a0\u00bbinternalhero\u00a0\u00bb module_class=\u00a0\u00bbinternalhero\u00a0\u00bb _builder_version=\u00a0\u00bb3.22&Prime;][et_pb_fullwidth_header title=\u00a0\u00bbDescription du Flocking\u00a0\u00bb subhead=\u00a0\u00bbFlock to Music est d\u00e9velopp\u00e9 en collaboration avec Jeff Ens sous la supervision de Philippe Pasquier au Metacreation Lab, SIAT, Simon Fraser University, Vancouver, BC, Canada.\u00a0\u00bb text_orientation=\u00a0\u00bbcenter\u00a0\u00bb _builder_version=\u00a0\u00bb4.0.11&Prime; background_color=\u00a0\u00bb#ffffff\u00a0\u00bb background_image=\u00a0\u00bbhttps:\/\/livestructures.com\/wp-content\/uploads\/2018\/07\/LS_FTMBG.jpg\u00a0\u00bb button_one_text_size__hover_enabled=\u00a0\u00bboff\u00a0\u00bb button_one_text_size__hover=\u00a0\u00bbnull\u00a0\u00bb button_two_text_size__hover_enabled=\u00a0\u00bboff\u00a0\u00bb button_two_text_size__hover=\u00a0\u00bbnull\u00a0\u00bb button_one_text_color__hover_enabled=\u00a0\u00bboff\u00a0\u00bb button_one_text_color__hover=\u00a0\u00bbnull\u00a0\u00bb button_two_text_color__hover_enabled=\u00a0\u00bboff\u00a0\u00bb button_two_text_color__hover=\u00a0\u00bbnull\u00a0\u00bb button_one_border_width__hover_enabled=\u00a0\u00bboff\u00a0\u00bb button_one_border_width__hover=\u00a0\u00bbnull\u00a0\u00bb button_two_border_width__hover_enabled=\u00a0\u00bboff\u00a0\u00bb button_two_border_width__hover=\u00a0\u00bbnull\u00a0\u00bb button_one_border_color__hover_enabled=\u00a0\u00bboff\u00a0\u00bb button_one_border_color__hover=\u00a0\u00bbnull\u00a0\u00bb button_two_border_color__hover_enabled=\u00a0\u00bboff\u00a0\u00bb button_two_border_color__hover=\u00a0\u00bbnull\u00a0\u00bb button_one_border_radius__hover_enabled=\u00a0\u00bboff\u00a0\u00bb button_one_border_radius__hover=\u00a0\u00bbnull\u00a0\u00bb button_two_border_radius__hover_enabled=\u00a0\u00bboff\u00a0\u00bb button_two_border_radius__hover=\u00a0\u00bbnull\u00a0\u00bb button_one_letter_spacing__hover_enabled=\u00a0\u00bboff\u00a0\u00bb button_one_letter_spacing__hover=\u00a0\u00bbnull\u00a0\u00bb button_two_letter_spacing__hover_enabled=\u00a0\u00bboff\u00a0\u00bb button_two_letter_spacing__hover=\u00a0\u00bbnull\u00a0\u00bb button_one_bg_color__hover_enabled=\u00a0\u00bboff\u00a0\u00bb button_one_bg_color__hover=\u00a0\u00bbnull\u00a0\u00bb button_two_bg_color__hover_enabled=\u00a0\u00bboff\u00a0\u00bb button_two_bg_color__hover=\u00a0\u00bbnull\u00a0\u00bb][\/et_pb_fullwidth_header][\/et_pb_section][et_pb_section fb_built=\u00a0\u00bb1&Prime; module_id=\u00a0\u00bbprojectintro\u00a0\u00bb module_class=\u00a0\u00bbprojectintro\u00a0\u00bb _builder_version=\u00a0\u00bb3.22&Prime;][et_pb_row module_id=\u00a0\u00bbprojectintrorow\u00a0\u00bb module_class=\u00a0\u00bbprojectintrorow\u00a0\u00bb _builder_version=\u00a0\u00bb3.25&Prime; custom_css_main_element=\u00a0\u00bbmargin-bottom: -50px !important;\u00a0\u00bb][et_pb_column type=\u00a0\u00bb4_4&Prime; _builder_version=\u00a0\u00bb3.25&Prime; custom_padding=\u00a0\u00bb|||\u00a0\u00bb custom_padding__hover=\u00a0\u00bb|||\u00a0\u00bb][et_pb_text admin_label=\u00a0\u00bbComposition\u00a0\u00bb module_id=\u00a0\u00bbheadingtitle\u00a0\u00bb module_class=\u00a0\u00bbheadingtitle\u00a0\u00bb _builder_version=\u00a0\u00bb3.27.4&Prime;]<\/p>\n<h2>L&rsquo;approche g\u00e9n\u00e9rale<\/h2>\n<p>[\/et_pb_text][\/et_pb_column][\/et_pb_row][et_pb_row column_structure=\u00a0\u00bb1_2,1_2&Prime; module_id=\u00a0\u00bbprojectintrorow\u00a0\u00bb module_class=\u00a0\u00bbprojectintrorow\u00a0\u00bb _builder_version=\u00a0\u00bb3.25&Prime;][et_pb_column type=\u00a0\u00bb1_2&Prime; _builder_version=\u00a0\u00bb3.25&Prime; custom_padding=\u00a0\u00bb|||\u00a0\u00bb custom_padding__hover=\u00a0\u00bb|||\u00a0\u00bb][et_pb_text _builder_version=\u00a0\u00bb3.27.4&Prime;]L&rsquo;outil Flock to Music est con\u00e7u en deux parties : le comportement des boids, qui cr\u00e9e une \u00ab\u00a0composition\u00a0\u00bb, et l&rsquo;interpr\u00e9tation des donn\u00e9es en param\u00e8tres musicaux.<br \/>\n[\/et_pb_text][\/et_pb_column][et_pb_column type=\u00a0\u00bb1_2&Prime; _builder_version=\u00a0\u00bb3.25&Prime; custom_padding=\u00a0\u00bb|||\u00a0\u00bb custom_padding__hover=\u00a0\u00bb|||\u00a0\u00bb][\/et_pb_column][\/et_pb_row][et_pb_row module_id=\u00a0\u00bbprojectintrorow\u00a0\u00bb module_class=\u00a0\u00bbprojectintrorow\u00a0\u00bb _builder_version=\u00a0\u00bb3.25&Prime; custom_css_main_element=\u00a0\u00bbmargin-bottom: -50px !important;\u00a0\u00bb][et_pb_column type=\u00a0\u00bb4_4&Prime; _builder_version=\u00a0\u00bb3.25&Prime; custom_padding=\u00a0\u00bb|||\u00a0\u00bb custom_padding__hover=\u00a0\u00bb|||\u00a0\u00bb][et_pb_text admin_label=\u00a0\u00bbComposition\u00a0\u00bb module_id=\u00a0\u00bbheadingtitle\u00a0\u00bb module_class=\u00a0\u00bbheadingtitle\u00a0\u00bb _builder_version=\u00a0\u00bb3.27.4&Prime;]<\/p>\n<h2>Composition<\/h2>\n<p>[\/et_pb_text][\/et_pb_column][\/et_pb_row][et_pb_row column_structure=\u00a0\u00bb1_2,1_2&Prime; module_id=\u00a0\u00bbprojectintrorow\u00a0\u00bb module_class=\u00a0\u00bbprojectintrorow\u00a0\u00bb _builder_version=\u00a0\u00bb3.25&Prime;][et_pb_column type=\u00a0\u00bb1_2&Prime; _builder_version=\u00a0\u00bb3.25&Prime; custom_padding=\u00a0\u00bb|||\u00a0\u00bb custom_padding__hover=\u00a0\u00bb|||\u00a0\u00bb][et_pb_image src=\u00a0\u00bbhttps:\/\/livestructures.com\/wp-content\/uploads\/2018\/07\/BoidsComposition.png\u00a0\u00bb align_tablet=\u00a0\u00bbcenter\u00a0\u00bb align_phone=\u00a0\u00bb\u00a0\u00bb align_last_edited=\u00a0\u00bbon|desktop\u00a0\u00bb _builder_version=\u00a0\u00bb3.23&Prime;][\/et_pb_image][et_pb_text _builder_version=\u00a0\u00bb3.27.4&Prime;]Ce mod\u00e8le 2-D d&rsquo;une vol\u00e9e d&rsquo;oiseaux donne au compositeur la possibilit\u00e9 de choisir le nombre de boids (le point o\u00f9 ils commencent et se terminent sur l&rsquo;axe x et l&rsquo;axe y), la dur\u00e9e de la composition ou d&rsquo;une partie d&rsquo;une plus grande composition, et la fr\u00e9quence d&rsquo;images ainsi que quinze autres param\u00e8tres de flocage qui sont directement li\u00e9s \u00e0 la fa\u00e7on dont les oiseaux r\u00e9agissent les uns aux autres en vol.<br \/>\n[\/et_pb_text][\/et_pb_column][et_pb_column type=\u00a0\u00bb1_2&Prime; _builder_version=\u00a0\u00bb3.25&Prime; custom_padding=\u00a0\u00bb|||\u00a0\u00bb custom_padding__hover=\u00a0\u00bb|||\u00a0\u00bb][et_pb_image src=\u00a0\u00bbhttps:\/\/livestructures.com\/wp-content\/uploads\/2018\/07\/documentation.png\u00a0\u00bb align_tablet=\u00a0\u00bbcenter\u00a0\u00bb align_phone=\u00a0\u00bb\u00a0\u00bb align_last_edited=\u00a0\u00bbon|desktop\u00a0\u00bb _builder_version=\u00a0\u00bb3.23&Prime;][\/et_pb_image][\/et_pb_column][\/et_pb_row][et_pb_row module_id=\u00a0\u00bbprojectintrorow\u00a0\u00bb module_class=\u00a0\u00bbprojectintrorow\u00a0\u00bb _builder_version=\u00a0\u00bb3.25&Prime; custom_css_main_element=\u00a0\u00bbmargin-bottom: -50px !important;\u00a0\u00bb][et_pb_column type=\u00a0\u00bb4_4&Prime; _builder_version=\u00a0\u00bb3.25&Prime; custom_padding=\u00a0\u00bb|||\u00a0\u00bb custom_padding__hover=\u00a0\u00bb|||\u00a0\u00bb][et_pb_text admin_label=\u00a0\u00bbData Interpretation\u00a0\u00bb module_id=\u00a0\u00bbheadingtitle\u00a0\u00bb module_class=\u00a0\u00bbheadingtitle\u00a0\u00bb _builder_version=\u00a0\u00bb3.27.4&Prime;]<\/p>\n<h2>L&rsquo;interpr\u00e9tation des donn\u00e9es<\/h2>\n<p>[\/et_pb_text][\/et_pb_column][\/et_pb_row][et_pb_row column_structure=\u00a0\u00bb2_3,1_3&Prime; module_id=\u00a0\u00bbprojectintrorow\u00a0\u00bb module_class=\u00a0\u00bbprojectintrorow\u00a0\u00bb _builder_version=\u00a0\u00bb3.25&Prime;][et_pb_column type=\u00a0\u00bb2_3&Prime; _builder_version=\u00a0\u00bb3.25&Prime; custom_padding=\u00a0\u00bb|||\u00a0\u00bb custom_padding__hover=\u00a0\u00bb|||\u00a0\u00bb][et_pb_image src=\u00a0\u00bbhttps:\/\/livestructures.com\/wp-content\/uploads\/2018\/07\/8ChannelOutput.png\u00a0\u00bb align_tablet=\u00a0\u00bbcenter\u00a0\u00bb align_phone=\u00a0\u00bb\u00a0\u00bb align_last_edited=\u00a0\u00bbon|desktop\u00a0\u00bb _builder_version=\u00a0\u00bb3.23&Prime;][\/et_pb_image][et_pb_text _builder_version=\u00a0\u00bb3.27.4&Prime;]Cet outil donne au compositeur la possibilit\u00e9 de choisir comment les donn\u00e9es de l&rsquo;axe des x et de l&rsquo;axe des y seront interpr\u00e9t\u00e9es musicalement. Nous avons le choix d&rsquo;utiliser huit canaux ou deux canaux de sortie. Dans l&rsquo;image ci-dessus, nous regardons l&rsquo;option \u00e0 huit canaux.<\/p>\n<p>Je ferai des vid\u00e9os plus sp\u00e9cifiques sur le fonctionnement de cet outil dans un avenir tr\u00e8s proche.<br \/>\n[\/et_pb_text][\/et_pb_column][et_pb_column type=\u00a0\u00bb1_3&Prime; _builder_version=\u00a0\u00bb3.25&Prime; custom_padding=\u00a0\u00bb|||\u00a0\u00bb custom_padding__hover=\u00a0\u00bb|||\u00a0\u00bb][et_pb_image src=\u00a0\u00bbhttps:\/\/livestructures.com\/wp-content\/uploads\/2018\/07\/unspecified.png\u00a0\u00bb align_tablet=\u00a0\u00bbcenter\u00a0\u00bb align_phone=\u00a0\u00bb\u00a0\u00bb align_last_edited=\u00a0\u00bbon|desktop\u00a0\u00bb _builder_version=\u00a0\u00bb3.23&Prime;][\/et_pb_image][et_pb_text _builder_version=\u00a0\u00bb3.27.4&Prime;]Ci-dessus, une image de certains des param\u00e8tres disponibles<br \/>\n[\/et_pb_text][\/et_pb_column][\/et_pb_row][\/et_pb_section][et_pb_section fb_built=\u00a0\u00bb1&Prime; disabled_on=\u00a0\u00bbon|on|on\u00a0\u00bb module_id=\u00a0\u00bbhomequote\u00a0\u00bb module_class=\u00a0\u00bbhomequote\u00a0\u00bb _builder_version=\u00a0\u00bb3.2.2&Prime; background_color=\u00a0\u00bb#2c3447&Prime; top_divider_style=\u00a0\u00bbslant2&Prime; top_divider_color=\u00a0\u00bb#ffffff\u00a0\u00bb top_divider_height=\u00a0\u00bb82px\u00a0\u00bb top_divider_flip=\u00a0\u00bbhorizontal\u00a0\u00bb border_color_all=\u00a0\u00bb#edf000&Prime; disabled=\u00a0\u00bbon\u00a0\u00bb global_module=\u00a0\u00bb390&Prime; collapsed=\u00a0\u00bboff\u00a0\u00bb][et_pb_row _builder_version=\u00a0\u00bb3.25&Prime; background_size=\u00a0\u00bbinitial\u00a0\u00bb background_position=\u00a0\u00bbtop_left\u00a0\u00bb background_repeat=\u00a0\u00bbrepeat\u00a0\u00bb][et_pb_column type=\u00a0\u00bb4_4&Prime; _builder_version=\u00a0\u00bb3.0.47&Prime; custom_padding=\u00a0\u00bb|||\u00a0\u00bb custom_padding__hover=\u00a0\u00bb|||\u00a0\u00bb][et_pb_text admin_label=\u00a0\u00bbText\u00a0\u00bb module_id=\u00a0\u00bbwpc-optin\u00a0\u00bb module_class=\u00a0\u00bbwpc-optin\u00a0\u00bb _builder_version=\u00a0\u00bb4.4.5&Prime; text_orientation=\u00a0\u00bbcenter\u00a0\u00bb]<\/p>\n<h2>Inscrivez-vous pour les mises \u00e0 jour du projet<\/h2>\n<h2><a href=\"https:\/\/www.facebook.com\/lindabouchardcomposer\/\" target=\"_blank\" rel=\"noopener noreferrer\"><img loading=\"lazy\" decoding=\"async\" class=\"alignnone size-full wp-image-379\" src=\"https:\/\/livestructures.com\/wp-content\/uploads\/2018\/07\/LS_Social_fb.png\" alt=\"\" width=\"50\" height=\"50\"><\/a> <a href=\"https:\/\/ca.linkedin.com\/in\/linda-bouchard-b6b6b726\" target=\"_blank\" rel=\"noopener noreferrer\"><img loading=\"lazy\" decoding=\"async\" class=\"alignnone size-full wp-image-380\" src=\"https:\/\/livestructures.com\/wp-content\/uploads\/2018\/07\/LS_Social_li.png\" alt=\"\" width=\"50\" height=\"50\"><\/a> <a href=\"https:\/\/twitter.com\/libouco\" target=\"_blank\" rel=\"noopener noreferrer\"><img loading=\"lazy\" decoding=\"async\" class=\"alignnone size-full wp-image-381\" src=\"https:\/\/livestructures.com\/wp-content\/uploads\/2018\/07\/LS_Social_tw.png\" alt=\"\" width=\"50\" height=\"50\"><\/a><\/h2>\n\n\t<section id=\"yikes-mailchimp-container-1\" class=\"yikes-mailchimp-container yikes-mailchimp-container-1 \">\n\t\t\t\t<form id=\"email-newsletter-1\" class=\"yikes-easy-mc-form yikes-easy-mc-form-1  \" method=\"POST\" data-attr-form-id=\"1\">\n\n\t\t\t\t\t\t\t\t\t\t\t\t\t<label for=\"yikes-easy-mc-form-1-FNAME\"  class=\"FNAME-label yikes-mailchimp-field-required \">\n\n\t\t\t\t\t\t\t\t\t\t<!-- dictate label visibility -->\n\t\t\t\t\t\t\t\t\t\t\n\t\t\t\t\t\t\t\t\t\t<!-- Description Above -->\n\t\t\t\t\t\t\t\t\t\t\n\t\t\t\t\t\t\t\t\t\t<input id=\"yikes-easy-mc-form-1-FNAME\"  name=\"FNAME\"  placeholder=\"FIRST NAME\"  class=\"yikes-easy-mc-text field-no-label\"  required=\"required\" type=\"text\"  value=\"\">\n\n\t\t\t\t\t\t\t\t\t\t<!-- Description Below -->\n\t\t\t\t\t\t\t\t\t\t\n\t\t\t\t\t\t\t\t\t<\/label>\n\t\t\t\t\t\t\t\t\t\t\t\t\t\t\t\t\t\t<label for=\"yikes-easy-mc-form-1-LNAME\"  class=\"LNAME-label \">\n\n\t\t\t\t\t\t\t\t\t\t<!-- dictate label visibility -->\n\t\t\t\t\t\t\t\t\t\t\n\t\t\t\t\t\t\t\t\t\t<!-- Description Above -->\n\t\t\t\t\t\t\t\t\t\t\n\t\t\t\t\t\t\t\t\t\t<input id=\"yikes-easy-mc-form-1-LNAME\"  name=\"LNAME\"  placeholder=\"LAST NAME\"  class=\"yikes-easy-mc-text field-no-label\"   type=\"text\"  value=\"\">\n\n\t\t\t\t\t\t\t\t\t\t<!-- Description Below -->\n\t\t\t\t\t\t\t\t\t\t\n\t\t\t\t\t\t\t\t\t<\/label>\n\t\t\t\t\t\t\t\t\t\t\t\t\t\t\t\t\t\t<label for=\"yikes-easy-mc-form-1-EMAIL\"  class=\"EMAIL-label yikes-mailchimp-field-required \">\n\n\t\t\t\t\t\t\t\t\t\t<!-- dictate label visibility -->\n\t\t\t\t\t\t\t\t\t\t\n\t\t\t\t\t\t\t\t\t\t<!-- Description Above -->\n\t\t\t\t\t\t\t\t\t\t\n\t\t\t\t\t\t\t\t\t\t<input id=\"yikes-easy-mc-form-1-EMAIL\"  name=\"EMAIL\"  placeholder=\"EMAIL (required)\"  class=\"yikes-easy-mc-email field-no-label\"  required=\"required\" type=\"email\"  value=\"\">\n\n\t\t\t\t\t\t\t\t\t\t<!-- Description Below -->\n\t\t\t\t\t\t\t\t\t\t\n\t\t\t\t\t\t\t\t\t<\/label>\n\t\t\t\t\t\t\t\t\t\n\t\t\t\t<!-- Honeypot Trap -->\n\t\t\t\t<input type=\"hidden\" name=\"yikes-mailchimp-honeypot\" id=\"yikes-mailchimp-honeypot-1\" value=\"\">\n\n\t\t\t\t<!-- List ID -->\n\t\t\t\t<input type=\"hidden\" name=\"yikes-mailchimp-associated-list-id\" id=\"yikes-mailchimp-associated-list-id-1\" value=\"0f1a235577\">\n\n\t\t\t\t<!-- The form that is being submitted! Used to display error\/success messages above the correct form -->\n\t\t\t\t<input type=\"hidden\" name=\"yikes-mailchimp-submitted-form\" id=\"yikes-mailchimp-submitted-form-1\" value=\"1\">\n\n\t\t\t\t<!-- Submit Button -->\n\t\t\t\t<button type=\"submit\" class=\"yikes-easy-mc-submit-button yikes-easy-mc-submit-button-1 btn btn-primary \"> <span class=\"yikes-mailchimp-submit-button-span-text\">Sign me up<\/span><\/button>\t\t\t\t<!-- Nonce Security Check -->\n\t\t\t\t<input type=\"hidden\" id=\"yikes_easy_mc_new_subscriber_1\" name=\"yikes_easy_mc_new_subscriber\" value=\"cfdb05e9f6\">\n\t\t\t\t<input type=\"hidden\" name=\"_wp_http_referer\" value=\"\/fr\/wp-json\/wp\/v2\/pages\/2464\" \/>\n\t\t\t<\/form>\n\t\t\t<!-- Mailchimp Form generated by Easy Forms for Mailchimp v6.9.0 (https:\/\/wordpress.org\/plugins\/yikes-inc-easy-mailchimp-extender\/) -->\n\n\t\t\t<\/section>\n\t\n<\/p>\n<p>[\/et_pb_text][\/et_pb_column][\/et_pb_row][\/et_pb_section]<\/p>\n","protected":false},"excerpt":{"rendered":"<p>L&rsquo;approche g\u00e9n\u00e9rale L&rsquo;outil Flock to Music est con\u00e7u en deux parties : le comportement des boids, qui cr\u00e9e une \u00ab\u00a0composition\u00a0\u00bb, et l&rsquo;interpr\u00e9tation des donn\u00e9es en param\u00e8tres musicaux. Composition Ce mod\u00e8le 2-D d&rsquo;une vol\u00e9e d&rsquo;oiseaux donne au compositeur la possibilit\u00e9 de choisir le nombre de boids (le point o\u00f9 ils commencent et se terminent sur l&rsquo;axe [&hellip;]<\/p>\n","protected":false},"author":1,"featured_media":0,"parent":2307,"menu_order":0,"comment_status":"closed","ping_status":"closed","template":"","meta":{"_et_pb_use_builder":"on","_et_pb_old_content":"","_et_gb_content_width":"","om_disable_all_campaigns":false,"_exactmetrics_skip_tracking":false,"_exactmetrics_sitenote_active":false,"_exactmetrics_sitenote_note":"","_exactmetrics_sitenote_category":0,"footnotes":""},"class_list":["post-2464","page","type-page","status-publish","hentry"],"yoast_head":"<!-- This site is optimized with the Yoast SEO plugin v26.8 - https:\/\/yoast.com\/product\/yoast-seo-wordpress\/ -->\n<title>Flock to Music - Live Structures<\/title>\n<meta name=\"robots\" content=\"index, follow, max-snippet:-1, max-image-preview:large, max-video-preview:-1\" \/>\n<link rel=\"canonical\" href=\"https:\/\/livestructures.com\/fr\/outils\/flock-to-music\/\" \/>\n<meta property=\"og:locale\" content=\"fr_FR\" \/>\n<meta property=\"og:type\" content=\"article\" \/>\n<meta property=\"og:title\" content=\"Flock to Music - Live Structures\" \/>\n<meta property=\"og:description\" content=\"L&#039;approche g\u00e9n\u00e9rale L&#039;outil Flock to Music est con\u00e7u en deux parties : le comportement des boids, qui cr\u00e9e une &quot;composition&quot;, et l&#039;interpr\u00e9tation des donn\u00e9es en param\u00e8tres musicaux. Composition Ce mod\u00e8le 2-D d&#039;une vol\u00e9e d&#039;oiseaux donne au compositeur la possibilit\u00e9 de choisir le nombre de boids (le point o\u00f9 ils commencent et se terminent sur l&#039;axe [&hellip;]\" \/>\n<meta property=\"og:url\" content=\"https:\/\/livestructures.com\/fr\/outils\/flock-to-music\/\" \/>\n<meta property=\"og:site_name\" content=\"Live Structures\" \/>\n<meta property=\"article:publisher\" content=\"https:\/\/www.facebook.com\/lindabouchardcomposer\/\" \/>\n<meta property=\"article:modified_time\" content=\"2023-01-10T19:05:58+00:00\" \/>\n<meta property=\"og:image\" content=\"https:\/\/livestructures.com\/wp-content\/uploads\/2018\/07\/LS_Social_fb.png\" \/>\n<meta name=\"twitter:card\" content=\"summary_large_image\" \/>\n<meta name=\"twitter:site\" content=\"@libouco\" \/>\n<meta name=\"twitter:label1\" content=\"Dur\u00e9e de lecture estim\u00e9e\" \/>\n\t<meta name=\"twitter:data1\" content=\"6 minutes\" \/>\n<script type=\"application\/ld+json\" class=\"yoast-schema-graph\">{\"@context\":\"https:\/\/schema.org\",\"@graph\":[{\"@type\":\"WebPage\",\"@id\":\"https:\/\/livestructures.com\/fr\/outils\/flock-to-music\/\",\"url\":\"https:\/\/livestructures.com\/fr\/outils\/flock-to-music\/\",\"name\":\"Flock to Music - Live Structures\",\"isPartOf\":{\"@id\":\"https:\/\/livestructures.com\/fr\/#website\"},\"primaryImageOfPage\":{\"@id\":\"https:\/\/livestructures.com\/fr\/outils\/flock-to-music\/#primaryimage\"},\"image\":{\"@id\":\"https:\/\/livestructures.com\/fr\/outils\/flock-to-music\/#primaryimage\"},\"thumbnailUrl\":\"https:\/\/livestructures.com\/wp-content\/uploads\/2018\/07\/LS_Social_fb.png\",\"datePublished\":\"2018-07-26T00:11:42+00:00\",\"dateModified\":\"2023-01-10T19:05:58+00:00\",\"breadcrumb\":{\"@id\":\"https:\/\/livestructures.com\/fr\/outils\/flock-to-music\/#breadcrumb\"},\"inLanguage\":\"fr-FR\",\"potentialAction\":[{\"@type\":\"ReadAction\",\"target\":[\"https:\/\/livestructures.com\/fr\/outils\/flock-to-music\/\"]}]},{\"@type\":\"ImageObject\",\"inLanguage\":\"fr-FR\",\"@id\":\"https:\/\/livestructures.com\/fr\/outils\/flock-to-music\/#primaryimage\",\"url\":\"https:\/\/livestructures.com\/wp-content\/uploads\/2018\/07\/LS_Social_fb.png\",\"contentUrl\":\"https:\/\/livestructures.com\/wp-content\/uploads\/2018\/07\/LS_Social_fb.png\"},{\"@type\":\"BreadcrumbList\",\"@id\":\"https:\/\/livestructures.com\/fr\/outils\/flock-to-music\/#breadcrumb\",\"itemListElement\":[{\"@type\":\"ListItem\",\"position\":1,\"name\":\"Home\",\"item\":\"https:\/\/livestructures.com\/fr\/\"},{\"@type\":\"ListItem\",\"position\":2,\"name\":\"Outils\",\"item\":\"https:\/\/livestructures.com\/fr\/outils\/\"},{\"@type\":\"ListItem\",\"position\":3,\"name\":\"Flock to Music\"}]},{\"@type\":\"WebSite\",\"@id\":\"https:\/\/livestructures.com\/fr\/#website\",\"url\":\"https:\/\/livestructures.com\/fr\/\",\"name\":\"Live Structures\",\"description\":\"\",\"potentialAction\":[{\"@type\":\"SearchAction\",\"target\":{\"@type\":\"EntryPoint\",\"urlTemplate\":\"https:\/\/livestructures.com\/fr\/?s={search_term_string}\"},\"query-input\":{\"@type\":\"PropertyValueSpecification\",\"valueRequired\":true,\"valueName\":\"search_term_string\"}}],\"inLanguage\":\"fr-FR\"}]}<\/script>\n<!-- \/ Yoast SEO plugin. -->","yoast_head_json":{"title":"Flock to Music - Live Structures","robots":{"index":"index","follow":"follow","max-snippet":"max-snippet:-1","max-image-preview":"max-image-preview:large","max-video-preview":"max-video-preview:-1"},"canonical":"https:\/\/livestructures.com\/fr\/outils\/flock-to-music\/","og_locale":"fr_FR","og_type":"article","og_title":"Flock to Music - Live Structures","og_description":"L'approche g\u00e9n\u00e9rale L'outil Flock to Music est con\u00e7u en deux parties : le comportement des boids, qui cr\u00e9e une \"composition\", et l'interpr\u00e9tation des donn\u00e9es en param\u00e8tres musicaux. Composition Ce mod\u00e8le 2-D d'une vol\u00e9e d'oiseaux donne au compositeur la possibilit\u00e9 de choisir le nombre de boids (le point o\u00f9 ils commencent et se terminent sur l'axe [&hellip;]","og_url":"https:\/\/livestructures.com\/fr\/outils\/flock-to-music\/","og_site_name":"Live Structures","article_publisher":"https:\/\/www.facebook.com\/lindabouchardcomposer\/","article_modified_time":"2023-01-10T19:05:58+00:00","og_image":[{"url":"https:\/\/livestructures.com\/wp-content\/uploads\/2018\/07\/LS_Social_fb.png","type":"","width":"","height":""}],"twitter_card":"summary_large_image","twitter_site":"@libouco","twitter_misc":{"Dur\u00e9e de lecture estim\u00e9e":"6 minutes"},"schema":{"@context":"https:\/\/schema.org","@graph":[{"@type":"WebPage","@id":"https:\/\/livestructures.com\/fr\/outils\/flock-to-music\/","url":"https:\/\/livestructures.com\/fr\/outils\/flock-to-music\/","name":"Flock to Music - Live Structures","isPartOf":{"@id":"https:\/\/livestructures.com\/fr\/#website"},"primaryImageOfPage":{"@id":"https:\/\/livestructures.com\/fr\/outils\/flock-to-music\/#primaryimage"},"image":{"@id":"https:\/\/livestructures.com\/fr\/outils\/flock-to-music\/#primaryimage"},"thumbnailUrl":"https:\/\/livestructures.com\/wp-content\/uploads\/2018\/07\/LS_Social_fb.png","datePublished":"2018-07-26T00:11:42+00:00","dateModified":"2023-01-10T19:05:58+00:00","breadcrumb":{"@id":"https:\/\/livestructures.com\/fr\/outils\/flock-to-music\/#breadcrumb"},"inLanguage":"fr-FR","potentialAction":[{"@type":"ReadAction","target":["https:\/\/livestructures.com\/fr\/outils\/flock-to-music\/"]}]},{"@type":"ImageObject","inLanguage":"fr-FR","@id":"https:\/\/livestructures.com\/fr\/outils\/flock-to-music\/#primaryimage","url":"https:\/\/livestructures.com\/wp-content\/uploads\/2018\/07\/LS_Social_fb.png","contentUrl":"https:\/\/livestructures.com\/wp-content\/uploads\/2018\/07\/LS_Social_fb.png"},{"@type":"BreadcrumbList","@id":"https:\/\/livestructures.com\/fr\/outils\/flock-to-music\/#breadcrumb","itemListElement":[{"@type":"ListItem","position":1,"name":"Home","item":"https:\/\/livestructures.com\/fr\/"},{"@type":"ListItem","position":2,"name":"Outils","item":"https:\/\/livestructures.com\/fr\/outils\/"},{"@type":"ListItem","position":3,"name":"Flock to Music"}]},{"@type":"WebSite","@id":"https:\/\/livestructures.com\/fr\/#website","url":"https:\/\/livestructures.com\/fr\/","name":"Live Structures","description":"","potentialAction":[{"@type":"SearchAction","target":{"@type":"EntryPoint","urlTemplate":"https:\/\/livestructures.com\/fr\/?s={search_term_string}"},"query-input":{"@type":"PropertyValueSpecification","valueRequired":true,"valueName":"search_term_string"}}],"inLanguage":"fr-FR"}]}},"_links":{"self":[{"href":"https:\/\/livestructures.com\/fr\/wp-json\/wp\/v2\/pages\/2464","targetHints":{"allow":["GET"]}}],"collection":[{"href":"https:\/\/livestructures.com\/fr\/wp-json\/wp\/v2\/pages"}],"about":[{"href":"https:\/\/livestructures.com\/fr\/wp-json\/wp\/v2\/types\/page"}],"author":[{"embeddable":true,"href":"https:\/\/livestructures.com\/fr\/wp-json\/wp\/v2\/users\/1"}],"replies":[{"embeddable":true,"href":"https:\/\/livestructures.com\/fr\/wp-json\/wp\/v2\/comments?post=2464"}],"version-history":[{"count":0,"href":"https:\/\/livestructures.com\/fr\/wp-json\/wp\/v2\/pages\/2464\/revisions"}],"up":[{"embeddable":true,"href":"https:\/\/livestructures.com\/fr\/wp-json\/wp\/v2\/pages\/2307"}],"wp:attachment":[{"href":"https:\/\/livestructures.com\/fr\/wp-json\/wp\/v2\/media?parent=2464"}],"curies":[{"name":"wp","href":"https:\/\/api.w.org\/{rel}","templated":true}]}}